{"id":645,"date":"2017-06-12T21:21:37","date_gmt":"2017-06-12T21:21:37","guid":{"rendered":"http:\/\/casadopolo.lifeingalicia.com\/donde-estamos-direcciones-casa-do-polo-a-vilerma\/"},"modified":"2017-08-09T14:10:34","modified_gmt":"2017-08-09T14:10:34","slug":"donde-estamos-direcciones-casa-do-polo-a-vilerma","status":"publish","type":"page","link":"https:\/\/casadopolo.lifeingalicia.com\/fr\/donde-estamos-direcciones-casa-do-polo-a-vilerma\/","title":{"rendered":"O\u00f9 nous sommes \u2013 Localisation \u2013 Casa do Polo, A Vilerma"},"content":{"rendered":"<table style=\"width: 900px; height: 300px;\">\n<tbody>\n<tr style=\"height: 122px;\">\n<td style=\"width: 363px; height: 122px;\"><iframe loading=\"lazy\" src=\"https:\/\/www.google.com\/maps\/d\/u\/0\/embed?mid=1ugXs5lM9qjrQFJlW3_cKwo2syeA&amp;z=12\" width=\"320\" height=\"240\"><\/iframe><\/td>\n<td style=\"width: 742px; height: 122px;\">\n<p lang=\"fr-FR\"><span style=\"font-size: large;\"><strong>La Casa do Polo se situe sur la route allant de Sober \u00e0 Doade.<\/strong><\/span><\/p>\n<p lang=\"fr-FR\"><span style=\"font-size: large;\">Environ 4km apr\u00e8s avoir quitt\u00e9 Sober vous arrivez \u00e0 une intersection. <\/span><\/p>\n<p lang=\"fr-FR\"><span style=\"font-size: large;\">A gauche pour Bulso, \u00e0 droite pour le panorama Santiorxo.<\/span><\/p>\n<p lang=\"fr-FR\"><span style=\"font-size: large;\">Ici, tournez \u00e0 gauche et apr\u00e8s 50m tournez encore \u00e0 gauche.<\/span><\/p>\n<p lang=\"fr-FR\"><span style=\"font-size: large;\">A 250m devant vous se trouve la maison, vous ne pouvez la manquer.<\/span><\/p>\n<\/td>\n<\/tr>\n<\/tbody>\n<\/table>\n<p><span style=\"font-size: 14pt;\"><span style=\"font-family: 'book antiqua', palatino, serif;\"><img loading=\"lazy\" decoding=\"async\" class=\"alignright size-thumbnail wp-image-478\" src=\"http:\/\/casadopolo.lifeingalicia.com\/wp-content\/uploads\/2017\/06\/Direcion_gif-150x150.gif\" alt=\"\" width=\"150\" height=\"150\" \/><\/span><\/span><\/p>\n<p><span lang=\"fr-FR\">Vous pouvez venir en train jusqu&rsquo;\u00e0 Monforte de Lemos. Les bus sont rares, un taxi co\u00fbtent environ 15<\/span><span lang=\"fr-FR\">\u20ac<\/span><span lang=\"fr-FR\">.<\/span><\/p>\n<p lang=\"fr-FR\">Vous pouvez aller en train a Ourense et y louer une voiture. La gare d&rsquo;Ourense est \u00e0 environ 34 km de la Casa do Polo.<\/p>\n<p lang=\"fr-FR\">Les a\u00e9roports les plus proches\u00a0:<\/p>\n<p lang=\"fr-FR\">Saint Jacques de Compostelle \u2013 100km (partiellement sur autoroute)<\/p>\n<p lang=\"fr-FR\">Vigo \u2013 100km (autoroutes jusqu\u2019\u00e0 Ourense puis voie rapide pendant 35km)<\/p>\n<p lang=\"fr-FR\">Porto (Portugal) \u2013 250km 8autoroute jusqu\u2019\u00e0 Ourense)<\/p>\n<p lang=\"fr-FR\">Asturias (Gijon) \u2013 250km (autoroute jusqu\u2019\u00e0 Lugo puis voie rapide jusqu\u2019\u00e0 Monforte)<\/p>\n","protected":false},"excerpt":{"rendered":"<p>La Casa do Polo se situe sur la route allant de Sober \u00e0 Doade. Environ 4km apr\u00e8s avoir quitt\u00e9 Sober vous arrivez \u00e0 une intersection. A gauche pour Bulso, \u00e0 droite pour le panorama Santiorxo. Ici, tournez \u00e0 gauche et apr\u00e8s 50m tournez encore \u00e0 gauche. A 250m devant vous se trouve la maison, vous&hellip;<\/p>\n<p class=\"more-link-wrapper\"><a class=\"more-link\" href=\"https:\/\/casadopolo.lifeingalicia.com\/fr\/donde-estamos-direcciones-casa-do-polo-a-vilerma\/\">Continue<\/a><\/p>\n","protected":false},"author":1,"featured_media":0,"parent":0,"menu_order":0,"comment_status":"closed","ping_status":"closed","template":"","meta":{"footnotes":""},"class_list":["post-645","page","type-page","status-publish","hentry"],"aioseo_notices":[],"_links":{"self":[{"href":"https:\/\/casadopolo.lifeingalicia.com\/fr\/wp-json\/wp\/v2\/pages\/645\/"}],"collection":[{"href":"https:\/\/casadopolo.lifeingalicia.com\/fr\/wp-json\/wp\/v2\/pages\/"}],"about":[{"href":"https:\/\/casadopolo.lifeingalicia.com\/fr\/wp-json\/wp\/v2\/types\/page\/"}],"author":[{"embeddable":true,"href":"https:\/\/casadopolo.lifeingalicia.com\/fr\/wp-json\/wp\/v2\/users\/1\/"}],"replies":[{"embeddable":true,"href":"https:\/\/casadopolo.lifeingalicia.com\/fr\/wp-json\/wp\/v2\/comments\/?post=645"}],"version-history":[{"count":3,"href":"https:\/\/casadopolo.lifeingalicia.com\/fr\/wp-json\/wp\/v2\/pages\/645\/revisions\/"}],"predecessor-version":[{"id":648,"href":"https:\/\/casadopolo.lifeingalicia.com\/fr\/wp-json\/wp\/v2\/pages\/645\/revisions\/648\/"}],"wp:attachment":[{"href":"https:\/\/casadopolo.lifeingalicia.com\/fr\/wp-json\/wp\/v2\/media\/?parent=645"}],"curies":[{"name":"wp","href":"https:\/\/api.w.org\/{rel}","templated":true}]}}