{"id":1659,"date":"2020-08-23T20:42:29","date_gmt":"2020-08-23T20:42:29","guid":{"rendered":"https:\/\/casadopolo.lifeingalicia.com\/?page_id=1659"},"modified":"2020-08-23T20:42:29","modified_gmt":"2020-08-23T20:42:29","slug":"casa-do-polo-description-detaillee","status":"publish","type":"page","link":"https:\/\/casadopolo.lifeingalicia.com\/fr\/casa-do-polo-description-detaillee\/","title":{"rendered":"Casa do Polo &#8211; Description d\u00e9taill\u00e9e"},"content":{"rendered":"<p><img loading=\"lazy\" decoding=\"async\" class=\"alignleft wp-image-397 size-thumbnail\" src=\"https:\/\/casadopolo.lifeingalicia.com\/wp-content\/uploads\/2017\/06\/DSC_0910-150x150.jpg\" alt=\"Casa do Polo Entree\" width=\"150\" height=\"150\" \/><strong> L<\/strong>es origines de la Casa do Polo nous font revenir 200 ans en arri\u00e8re. Aux cours des ann\u00e9es, son apparence fut alt\u00e9r\u00e9e par des extensions et des d\u00e9t\u00e9riorations. Nous l&rsquo;avons achet\u00e9 dans un piteux \u00e9tat, celui d&rsquo;une ruine en 2015. Deux ans de r\u00e9novations furent n\u00e9cessaire pour donner naissance \u00e0 une maison moderne, pr\u00e9servant tout de m\u00eame les charmes de l&rsquo;ancien. Les grandes baies vitr\u00e9es, sp\u00e9cialement con\u00e7ues pour ne pas laisser la chaleur p\u00e9n\u00e9trer \u00e0 l\u2019int\u00e9rieur, des fen\u00eatres de toits lumineuses, et une architecture ouverte (open space), au lieu de pi\u00e8ces s\u00e9par\u00e9es, cr\u00e9e une ambiance cosy et chaleureuse dans cette ancienne ferme.<br \/>\n<img loading=\"lazy\" decoding=\"async\" class=\"alignright wp-image-1605 size-thumbnail\" src=\"https:\/\/casadopolo.lifeingalicia.com\/wp-content\/uploads\/2020\/08\/DSC_4797-150x150.jpg\" alt=\"\" width=\"150\" height=\"150\" \/>La Casa do Polo offre maintenant non pas deux chambres mais plut\u00f4t deux appartements avec une surface int\u00e9rieure sup\u00e9rieure \u00e0 150m\u00b2. Le toit, avec une surface de 250m\u00b2, fournit ombre et intimit\u00e9 au patio clos et aux balcons.<br \/>\nLa \u00ab\u00a0chambre\u00a0\u00bb est davantage un appartement au style studio, avec une grande salle de bain, une cuisine et son propre balcon. Son nom, stargazer (ou r\u00eaveur en fran\u00e7ais), vient de la lumi\u00e8re apport\u00e9e par la fen\u00eatre de toit.<br \/>\nLe plus grande des deux appartements poss\u00e8de une suite s\u00e9par\u00e9e, sa salle de bain, un large espace ouvert rassemblant la cuisine, la salle \u00e0 manger et le salon. Le grand balcon offre en plus un jacuzzi.<br \/>\n<img loading=\"lazy\" decoding=\"async\" class=\"alignleft wp-image-193 size-thumbnail\" src=\"https:\/\/casadopolo.lifeingalicia.com\/wp-content\/uploads\/2017\/06\/0040-150x150.jpg\" alt=\"\" width=\"150\" height=\"150\" \/>La cuisine est \u00e9quip\u00e9e avec une plaque de cuisson \u00e0 induction, un micro-onde, un grille-pain, un r\u00e9frig\u00e9rateur avec un petit cong\u00e9lateur, et tout le couvert et le le mobilier n\u00e9cessaire pour que quatre personnes puissent d\u00eener ensemble et s&rsquo;installer confortablement \u00e0 la table de salle \u00e0 manger.<\/p>\n<p>Une s\u00e9paration en fer-forg\u00e9e d\u00e9limite l&rsquo;espace cuisine du salon. Vous trouverez une seconde entr\u00e9e donnant acc\u00e8s \u00e0 la cours sud de la propri\u00e9t\u00e9, o\u00f9 vous pouvez garer une voiture (ou plus) bien entendu.<br \/>\nLe c\u00f4t\u00e9 \u00ab\u00a0nord\u00a0\u00bb est domin\u00e9 par de larges fen\u00eatres et une double porte fran\u00e7aise s&rsquo;ouvrant sur le balcon principal. Le salon avec ses deux fauteuils \u00ab\u00a0lounger\u00a0\u00bb est l&rsquo;endroit id\u00e9al pour se relaxer apr\u00e8s une journ\u00e9e d&rsquo;exploration.<br \/>\nUne vieille porte galicienne cache la suite et sa salle de bain. Le double lit r\u00e9alis\u00e9 artisanalement en bois de ch\u00e2taigner peut \u00eatre s\u00e9par\u00e9 pour former deux lits simples si vous le <img loading=\"lazy\" decoding=\"async\" class=\"alignright size-thumbnail wp-image-196\" src=\"https:\/\/casadopolo.lifeingalicia.com\/wp-content\/uploads\/2017\/06\/0060-150x150.jpg\" alt=\"\" width=\"150\" height=\"150\" \/>souhaitez ( 2 lits de 90 X 200 cm).<br \/>\nLa grande vitre donnant sur le balcon et le patio avec sa double porte fran\u00e7aise vous invite a une unique nuit \u00ab\u00a0al fresco\u00a0\u00bb. Les volets \u00e9lectriques peuvent recouvrir int\u00e9gralement la baie vitr\u00e9e, avec les portes ferm\u00e9es ou non et peut \u00eatre positionn\u00e9e \u00e0 n&rsquo;importe quel niveau de lumi\u00e8re et d\u2019intimit\u00e9.<br \/>\nLe linge de maison est fourni et sp\u00e9cialement s\u00e9lectionn\u00e9.<br \/>\n<img loading=\"lazy\" decoding=\"async\" class=\"alignright wp-image-1230 size-thumbnail\" src=\"https:\/\/casadopolo.lifeingalicia.com\/wp-content\/uploads\/2019\/08\/salon-full-view-2-150x150.jpg\" alt=\"\" width=\"150\" height=\"150\" \/>La salle de bain attenante \u00e0 la suite poss\u00e8de une douche dans le style caverne, du fait que deux de ces c\u00f4t\u00e9s sont formes par les murs originaux de la ferme. La ventilation automatique et une fen\u00eatre surveillent le climat de la pi\u00e8ce.<\/p>\n<p>Un large lavabo, un bidet, et des toilettes compl\u00e8tent la fa\u00efence. Un chauffe-serviette ainsi qu&rsquo;un s\u00e8che-cheveux sont aussi \u00e0 votre disposition. Les serviettes sont fournies. \u00c9videmment vous avez de l&rsquo;eau chaude et froide.<br \/>\nDans le cas o\u00f9 votre s\u00e9jour dure plus d&rsquo;une semaine, nous demandons votre autorisation pour faire intervenir un agent d&rsquo;entretien pour changer les draps, les serviettes et nettoyer l&rsquo;appartement, ce qui requiert un acc\u00e8s d&rsquo;environ quatre heures.<img loading=\"lazy\" decoding=\"async\" class=\"alignright size-thumbnail wp-image-217\" src=\"https:\/\/casadopolo.lifeingalicia.com\/wp-content\/uploads\/2017\/06\/DSC_0898-150x150.jpg\" alt=\"\" width=\"150\" height=\"150\" \/><br \/>\nSi vous r\u00e9servez la maison avec acc\u00e8s au jacuzzi, une maintenance suppl\u00e9mentaire sera \u00e9galement requise.<br \/>\nSur le balcon se trouvent des chaises et deux transats \u2013 d&rsquo;autres chaises sont sur le petit balcon et il y a deux autres transats disponibles dans le patio.<br \/>\n<img loading=\"lazy\" decoding=\"async\" class=\"alignleft wp-image-201 size-thumbnail\" src=\"https:\/\/casadopolo.lifeingalicia.com\/wp-content\/uploads\/2017\/06\/0090-150x150.jpg\" alt=\"\" width=\"150\" height=\"150\" \/>Stargazer, le studio tr\u00e8s spacieux, aussi bien verticalement qu&rsquo;horizontalement, est tr\u00e8s lumineux et a\u00e9r\u00e9 gr\u00e2ce \u00e0 son unique velux. La fen\u00eatre, le velux, et la porte vitr\u00e9e ont des volets pour assombrir la pi\u00e8ce et y donner plus d\u2019intimit\u00e9.<br \/>\nLa petite cuisine se trouve \u00e0 l\u2019entr\u00e9e avec un lavabo, une bouilloire\u00a0; le couvert se trouve dans le meuble. Des plaques chauffantes sont aussi fournies. A gauche se trouve un mur typiquement galicien qui tombe pour devenir une table. C&rsquo;est donc un espace sympathique pour un un petit en cas ou pour pr\u00e9parer le petit d\u00e9jeuner au lit ou sur le balcon.<br \/>\n<img loading=\"lazy\" decoding=\"async\" class=\"alignright size-thumbnail wp-image-200\" src=\"https:\/\/casadopolo.lifeingalicia.com\/wp-content\/uploads\/2017\/06\/0087-150x150.jpg\" alt=\"\" width=\"150\" height=\"150\" \/>La salle de bain attenante est \u00e9quip\u00e9e d&rsquo;une grande douche, d&rsquo;un lavabo et de toilettes et se trouve partiellement dans l&rsquo;ancienne chemin\u00e9e. Son ancienne ouverture est maintenant ferm\u00e9e par des vitraux. La ventilation peut se r\u00e9gler avec un interrupteur ou simplement en tirant une corde.<br \/>\nLe lit double peut se transformer en deux lits simples (2 lits de 90 X 200 cm).<br \/>\nDeux fauteuils vous invitent \u00e0 vous relaxer et planifier les sorties du lendemain.<br \/>\nLe petit balcon juste \u00e0 l\u2019ext\u00e9rieur vous offre une vue magnifique sur la campagne.<br \/>\nLes deux balcons sont surplomb\u00e9s par le toit. Ils sont donc \u00e0 l&rsquo;ombre durant l\u2019apr\u00e8s-midi et s\u2019asseoir dehors, lorsqu&rsquo;il pleut, est une exp\u00e9rience unique.<br \/>\nLe patio qui est clos offre une totale intimit\u00e9 et se trouve \u00e0 l&rsquo;ombre durant l\u2019apr\u00e8s-midi. Vous trouverez aussi un banc canadien pour vos d\u00eener. A c\u00f4t\u00e9 de la porte d\u2019entr\u00e9e se trouve un barbecue.<br \/>\n<img loading=\"lazy\" decoding=\"async\" class=\"alignright wp-image-1629 size-thumbnail\" src=\"https:\/\/casadopolo.lifeingalicia.com\/wp-content\/uploads\/2020\/08\/DSC_4799-2-150x150.jpg\" alt=\"\" width=\"150\" height=\"150\" \/>Le vieux four \u00e0 pain est aujourd&rsquo;hui restaur\u00e9 et nous pouvons vous l&rsquo;allumer. Vous pourrez y cuire une \u00ab\u00a0pizza galicienne\u00a0\u00bb, ou d&rsquo;autres petites sauces et pizzas \u2013 n&rsquo;est-ce pas l\u00e0 de bon tapas\u00a0!<br \/>\nIl faudra nous pr\u00e9venir en avance puisqu&rsquo;il faut au moins deux heures pour allumer le four.<br \/>\nAu fond du patio se trouve \u00e9galement la lingerie avec un lave-linge, d&rsquo;autres toilettes et un lavabo. Touts les produits de nettoyages sont gard\u00e9s l\u00e0.<\/p>\n<p>&nbsp;<\/p>\n<p>Autres points\u00a0:<br \/>\n<strong>Eau\u00a0:<\/strong> L&rsquo;eau\u00a0 pomp\u00e9e a plus de 150 m\u00e8tres, lans alcalinit\u00e9 et un PH \u00e0 6.9. Utilisez le shampooing parcimonie ou vous allez rester sous la douche pour toujours.<\/p>\n<p><strong>T\u00e9l\u00e9commande\u00a0:<\/strong> La majeure partie des lumi\u00e8res fonctionnent avec des interrupteurs mais toutes sont contr\u00f4lables avec la t\u00e9l\u00e9commande. Les volets de la suite fonctionnent seulement avec la t\u00e9l\u00e9commande. Vous en trouverez une dans chaque pi\u00e8ce.<\/p>\n<p><strong>Chauffage et climatisation<\/strong>: La maison dispose de la climatisation ind\u00e9pendante dans chaque chambre. Ils sont activ\u00e9s avec la t\u00e9l\u00e9commande situ\u00e9e dans les chambres. Nous vous recommandons de les utiliser en mode \u00abEco\u00bb \u00e0 une temp\u00e9rature d\u00e9finie. Les appareils peuvent soudainement s&rsquo;\u00e9teindre en raison du syst\u00e8me de gestion de l&rsquo;alimentation de la maison, qui les rallumera dans le mode \u00e9tabli une fois que suffisamment d&rsquo;\u00e9nergie sera disponible.<\/p>\n<p><strong>Gestion de l\u2019\u00e9lectricit\u00e9<\/strong>: En raison du manque d\u2019\u00e9nergie \u00e9lectrique, la maison g\u00e8re l\u2019\u00e9nergie et certaines restrictions s\u2019imposent. Vous ne pouvez pas utiliser verre c\u00e9ramique, la machine \u00e0 laver et tous les climatiseurs au maximum en m\u00eame temps (seuls deux d&rsquo;entre eux peuvent \u00eatre utilis\u00e9s en m\u00eame temps). Ils peuvent s\u2019\u00e9teindre automatiquement et tout s\u2019allumera automatiquement s\u2019il ya suffisamment de puissance disponible.<\/p>\n<p><strong>Le village<\/strong>: A Vilerma est \u00e0 moiti\u00e9 abandonn\u00e9. Certaines des 6 maisons sont utilis\u00e9es pendant les week-ends et d&rsquo;autres sont compl\u00e8tement abandonn\u00e9es.<\/p>\n<p><strong>Mirador San Xiorxio<\/strong>: \u00e0 seulement 900 m\u00e8tres, il offre l&rsquo;une des vues les plus spectaculaires de la r\u00e9gion. Id\u00e9al pour les promenades ou les pique-niques.<br \/>\nRestaurant &amp; Bars: \u00c0 Bulso (2 km), la cantina dos meus avos est excellente. Il suffit de boire un vin, un tapa ou de savourer un repas complet galicien. Sober a 4 bars et le restaurant O Xugo. A Doade, vous trouverez le restaurant Merenzao et la cantine Doade. La ville de Monforte de Lemos est \u00e0 proximit\u00e9.<\/p>\n<p><strong>Quelques choses \u00e0 faire<\/strong>: Visitez le vignoble Regina Viarum situ\u00e9 \u00e0 Doade; profiter des ch\u00e2taigniers anciens et des diff\u00e9rents points de vue qu&rsquo;offre la r\u00e9gion; marcher la passerelle de la rivi\u00e8re Mau; embarquez sur les promenades en catamaran qui longent la rivi\u00e8re, avec une vue imprenable sur les vignes sur les pentes des montagnes; visitez Castro Caldelas et sa forteresse; visiter les innombrables chapelles et \u00e9glises anciennes; repos dans les sources chaudes d&rsquo;Orense; marcher sur le seul mur romain au monde qui soit complet, \u00e0 Lugo; la liste est sans fin &#8230;<\/p>\n<p>Nous offrons \u00e0 nos clients des informations sur des itin\u00e9raires exclusifs et des promenades pouvant durer de 1 \u00e0 4 jours. Vous pouvez trouver plus d&rsquo;informations \u00e0 l&rsquo;Office de Tourisme de Sober.<\/p>\n<p>Le plus important: <strong>d\u00e9tendez-vous, profitez-en et laissez-vous surprendre!<\/strong><\/p>\n","protected":false},"excerpt":{"rendered":"<p>Les origines de la Casa do Polo nous font revenir 200 ans en arri\u00e8re. Aux cours des ann\u00e9es, son apparence fut alt\u00e9r\u00e9e par des extensions et des d\u00e9t\u00e9riorations. Nous l&rsquo;avons achet\u00e9 dans un piteux \u00e9tat, celui d&rsquo;une ruine en 2015. Deux ans de r\u00e9novations furent n\u00e9cessaire pour donner naissance \u00e0 une maison moderne, pr\u00e9servant tout&hellip;<\/p>\n<p class=\"more-link-wrapper\"><a class=\"more-link\" href=\"https:\/\/casadopolo.lifeingalicia.com\/fr\/casa-do-polo-description-detaillee\/\">Continue<\/a><\/p>\n","protected":false},"author":1,"featured_media":0,"parent":0,"menu_order":0,"comment_status":"closed","ping_status":"closed","template":"","meta":{"footnotes":""},"class_list":["post-1659","page","type-page","status-publish","hentry"],"aioseo_notices":[],"_links":{"self":[{"href":"https:\/\/casadopolo.lifeingalicia.com\/fr\/wp-json\/wp\/v2\/pages\/1659\/"}],"collection":[{"href":"https:\/\/casadopolo.lifeingalicia.com\/fr\/wp-json\/wp\/v2\/pages\/"}],"about":[{"href":"https:\/\/casadopolo.lifeingalicia.com\/fr\/wp-json\/wp\/v2\/types\/page\/"}],"author":[{"embeddable":true,"href":"https:\/\/casadopolo.lifeingalicia.com\/fr\/wp-json\/wp\/v2\/users\/1\/"}],"replies":[{"embeddable":true,"href":"https:\/\/casadopolo.lifeingalicia.com\/fr\/wp-json\/wp\/v2\/comments\/?post=1659"}],"version-history":[{"count":1,"href":"https:\/\/casadopolo.lifeingalicia.com\/fr\/wp-json\/wp\/v2\/pages\/1659\/revisions\/"}],"predecessor-version":[{"id":1660,"href":"https:\/\/casadopolo.lifeingalicia.com\/fr\/wp-json\/wp\/v2\/pages\/1659\/revisions\/1660\/"}],"wp:attachment":[{"href":"https:\/\/casadopolo.lifeingalicia.com\/fr\/wp-json\/wp\/v2\/media\/?parent=1659"}],"curies":[{"name":"wp","href":"https:\/\/api.w.org\/{rel}","templated":true}]}}