{"id":534,"date":"2017-07-24T12:30:01","date_gmt":"2017-07-24T12:30:01","guid":{"rendered":"http:\/\/casadopolo.lifeingalicia.com\/?page_id=534\/"},"modified":"2020-08-17T20:27:37","modified_gmt":"2020-08-17T20:27:37","slug":"descripcion-detallada","status":"publish","type":"page","link":"https:\/\/casadopolo.lifeingalicia.com\/es\/descripcion-detallada\/","title":{"rendered":"Descripci\u00f3n  Detallada"},"content":{"rendered":"<figure id=\"attachment_397\" aria-describedby=\"caption-attachment-397\" style=\"width: 150px\" class=\"wp-caption alignleft\"><img loading=\"lazy\" decoding=\"async\" class=\"imgfloatleft wp-image-397 size-thumbnail\" src=\"https:\/\/casadopolo.lifeingalicia.com\/wp-content\/uploads\/2017\/06\/DSC_0910-150x150.jpg\" alt=\"Welcome to Casa do Polo A Vilerma\" width=\"150\" height=\"150\" \/><figcaption id=\"caption-attachment-397\" class=\"wp-caption-text\">Welcome<\/figcaption><\/figure>\n<div id=\"mbgj16px\">\n<p><strong>L<\/strong>os or\u00edgenes de \u201cCasa do Polo\u201d se remontan a unos 200 a\u00f1os atr\u00e1s. A lo largo de los a\u00f1os la casa sufri\u00f3 alteraciones y ampliaciones que fueron mutando su apariencia original. Cuando la compramos, en el 2015, la casa se encontraba muy descuidada y en un estado ruinoso. Dos a\u00f1os de trabajo y renovaci\u00f3n tuvieron como resultado la fusi\u00f3n de lo antiguo con lo moderno, manteniendo la identidad de la casa e introduciendo paredes de vidrios y ventanas especiales que no permiten que pase el calor, una nueva y acogedora iluminaci\u00f3n, y una distribuci\u00f3n estilo estudio, dotando a la vieja casa de campo con una sensaci\u00f3n de espacio, comodidad y calidez.<\/p>\n<figure id=\"attachment_218\" aria-describedby=\"caption-attachment-218\" style=\"width: 150px\" class=\"wp-caption alignright\"><img loading=\"lazy\" decoding=\"async\" class=\"imgfloatleft wp-image-218 size-thumbnail\" src=\"https:\/\/casadopolo.lifeingalicia.com\/wp-content\/uploads\/2017\/06\/DSC_0900-150x150.jpg\" alt=\"\" width=\"150\" height=\"150\" \/><figcaption id=\"caption-attachment-218\" class=\"wp-caption-text\">Cocina y comedor<\/figcaption><\/figure>\n<p>Casa do Polo ofrece dos apartamentos independientes y equipados, con un \u00e1rea total interior de 150mts2 y con una superficie techada de 250mts2 que dotan al balc\u00f3n y parte del patio cerrado de buena sombra y privacidad.<\/p>\n<p><img loading=\"lazy\" decoding=\"async\" class=\"alignleft size-thumbnail wp-image-201\" src=\"https:\/\/casadopolo.lifeingalicia.com\/wp-content\/uploads\/2017\/06\/0090-150x150.jpg\" alt=\"\" width=\"150\" height=\"150\" \/>Uno de los apartamentos tiene el estilo de un estudio, con un ba\u00f1o amplio y kitchenette, y su propio balc\u00f3n. Este lo llamamos \u201cStargazer\u201d.<\/p>\n<p>Es un apartamento espacioso y con altura, y su particular ventana en el techo, por la cual lleva su nombre, permite la contemplaci\u00f3n del cielo y las estrellas y lo hace muy luminoso. Todas las ventanas y puerta tienen persianas que pueden ajustarse a la altura deseada para obtener la luz y privacidad deseada. A la entrada encontrar\u00e1n una kitchenette con calentador de agua y armarios con vajilla y una peque\u00f1a cocinilla. Tambi\u00e9n, un armario del cu\u00e1l de despliega una mesa, t\u00edpico de los monasterios Gallegos, generando un espacio c\u00f3modo para preparar una comida r\u00e1pida, el aperitivo o el desayuno para tomar en la cama o en el balc\u00f3n. El ba\u00f1o en suite est\u00e1 equipado con una pileta de manos, el WC y la ducha que se encuentra parcialmente situada en la vieja chimenea. Cuenta con ventilaci\u00f3n mec\u00e1nica que se activa al encender la luz o simplemente tirando de una cuerda. Una antigua abertura en esta zona de la casa est\u00e1 ahora cerrada con ladrillos de virio de color. La cama matrimonial de este apartamento puede adaptarse a dos camas simples (2 x 90 x 200). Dos c\u00f3modoas butacas te invitan a descansar un rato o a una buena charla para planear los nuevos paseos a realizar. El balc\u00f3n ofrece una hermosa vista al campo.<\/p>\n<p><img loading=\"lazy\" decoding=\"async\" class=\"imgfloatleft alignright wp-image-1232 size-thumbnail\" src=\"https:\/\/casadopolo.lifeingalicia.com\/wp-content\/uploads\/2019\/08\/salon-full-view-2-150x150.jpg\" alt=\"\" width=\"150\" height=\"150\" \/><\/p>\n<p>\u00abThe suite\u00bb -El otro apartamento, \u201cThe Suite\u201d, tiene un dormitorio separado con un ba\u00f1o grande en suite y un espacio amplio donde se encuentra la cocina integrada a un sal\u00f3n de estar con sillones, un comedor diario y su propia balconera con jacuzzi. Una reja forjada separa la cocina del sal\u00f3n de estar y de la entrada independiente que da salida al patio con orientaci\u00f3n sur, donde se pueden aparcar los coches c\u00f3modamente. El ala norte est\u00e1 dominada por grandes ventanales y una puerta doble que da acceso a la balconera mencionada. Al dormitorio se accede a trav\u00e9s de la antigua puerta t\u00edpica gallega de madera. La cama matrimonial hecha a mano, de madera de casta\u00f1o, puede tambi\u00e9n ser separada en dos camas simples (2 x 90 x 200) si as\u00ed se prefiere. Los ventanales est\u00e1n dotados de persianas el\u00e9ctricas que pueden cerrarse completamente o posicionarse a cualquier altura para obtener la cantidad de luz y privacidad deseada.Se proveer\u00e1 ropa de cama especialmente seleccionada. El ba\u00f1o en suite est\u00e1 equipado con una ducha generosa y grande y uno tiene la sensaci\u00f3n de estar en una cueva de piedra, ya que sus paredes son las originales de la casa, acondicionadas para su c\u00f3modo uso. Tiene ventilaci\u00f3n autom\u00e1tica y una ventana para mantener una buena atm\u00f3sfera. Una pileta de manos espaciosa, videt y WC completan el ba\u00f1o, que a su vez se encuentra equipado con un calentador\/secador de toallas y secador de pelo. Se proveer\u00e1 de toallas y obviamente hay acceso a agua caliente y fr\u00eda.<\/p>\n<p>En caso de que su estad\u00eda supere la semana, se pedir\u00e1 permiso para que vaya una limpiadora ocasionalmente a cambiar la ropa de cama y toallas y a realizar una limpieza general de los apartamentos. Esto requerir\u00e1 de unas 4 horas.<\/p>\n<p>La balconera est\u00e1 equipada con sillas y reposeras y el patio principal tambi\u00e9n cuenta con reposeras y una mesada con bancos tipo canadiense.<\/p>\n<p>Ambas balconeras de la casa est\u00e1 totalmente techadas, ofreciendo buena sombra durante el d\u00eda y una gran experiencia en caso de lluvia.<\/p>\n<p><img loading=\"lazy\" decoding=\"async\" class=\"alignleft size-thumbnail wp-image-206\" src=\"https:\/\/casadopolo.lifeingalicia.com\/wp-content\/uploads\/2017\/06\/0220-150x150.jpg\" alt=\"\" width=\"150\" height=\"150\" \/>El patio de la casa est\u00e1 totalmente rodeado por un muro de piedras, ofreciendo total privacidad y est\u00e1 dotado de una barbacoa. Tambi\u00e9n cuenta con un antiguo horno de pan que podemos encender para ustedes para hacer una ricas pizzas y picadas! (Esto debe ser coordinado en antelaci\u00f3n, ya que el horno requiere de al menos tres horasego para ser calentado). Allado esta un BBQ de carbon vegetal.<img loading=\"lazy\" decoding=\"async\" class=\"alignright size-thumbnail wp-image-555\" src=\"https:\/\/casadopolo.lifeingalicia.com\/wp-content\/uploads\/2017\/07\/DSC_1006-150x150.jpg\" alt=\"\" width=\"150\" height=\"150\" \/><\/p>\n<p>Por \u00faltimo, abajo tambi\u00e9n podr\u00e1n encontrar el cuarto de limpieza, donde hay instalado un lavarropas, WC y pileta adicional, y en donde se almacenan los productos de limpieza.<\/p>\n<p>&nbsp;<\/p>\n<p><strong>Aspectos generales:<\/strong><\/p>\n<p><strong>Agua:<\/strong> El agua tiene un alto contenido de hierro y, a veces, tiene algo de azufre. Es de unos 150 metros de profundidad y por lo dem\u00e1s suave. Cuidado con el shampoo.<\/p>\n<p><strong>Controles remotos:<\/strong> Las luces principales pueden activarse y apagarse desde los interruptores de pared, pero tambi\u00e9n todas las luces se manejan desde el control remoto, con el que a su vez se bajan y suben las persianas. Hay controles remotos en todas las habitaciones.<\/p>\n<p><strong>Calefacci\u00f3n y aire acondicionado:<\/strong> La casa cuenta con aire acondicionado independiente en cada habitaci\u00f3n. Los mismos se activan con el control remoto ubicado en las habitaciones. Recomendamos utilizarlos en modo \u201cEco\u201d a una temperatura fijada. Los aparatos pueden repentinamente apagarse debido al sistema de manejo de energ\u00eda de la casa, que los encender\u00e1 nuevamente en el modo establecido una vez que haya suficiente energ\u00eda disponible.<\/p>\n<p><strong>Administraci\u00f3n de energ\u00eda el\u00e9ctrica:<\/strong> Debido a una potencia el\u00e9ctrica limitada, la casa administra la energ\u00eda y existen ciertas restricciones. No se podr\u00e1 estar utilizando el vitroceramica el lavarropas y todos los aires acondicionados al m\u00e1ximo al mismo tiempo (s\u00f3lo dos de estos podr\u00e1n utilizarse a la vez). Pueden llegar a apagarse autom\u00e1ticamente y todo volver\u00e1 a encenderse autom\u00e1ticamente cuando haya suficiente energ\u00eda disponible.<\/p>\n<p><strong>La Aldea:<\/strong> A Vilerma se encuentra semi abandonada. Algunas de las 6 casas son utilizadas durante los fines de semanas y otras est\u00e1n totalmente abandonadas.<\/p>\n<p><strong>Mirador San Xiorxio:<\/strong> A tan s\u00f3lo 900 metros de distancia, ofrece una de las vistas m\u00e1s espectaculares de la zona. Ideal para paseos o picnics.<img loading=\"lazy\" decoding=\"async\" class=\"alignright size-thumbnail wp-image-559\" src=\"https:\/\/casadopolo.lifeingalicia.com\/wp-content\/uploads\/2017\/07\/DSC_1046-150x150.jpg\" alt=\"\" width=\"150\" height=\"150\" \/><\/p>\n<p><strong>Restaurante &amp; Bares:<\/strong> En Bulso (2Km) la cantina dos meus avos es excelente. Simplemente bebe un vino, toma una tapa o disfruta de una comida gallega completa. Sober cuenta con 4 bares y el Restaurante O Xugo. En Doade podr\u00e1n encontrar el restaurante Merenzao y tambien la cantina de Doade. La ciudad de Monforte de Lemos est\u00e1 cerca.<\/p>\n<p><strong>Algunas cosas para hacer:<\/strong> Visitar la Bodega Regina Viarum ubicada en Doade; disfrutar de los casta\u00f1os milenarios y los distintos miradores que ofrece la zona; caminar por la pasarela del R\u00edo Mau; embarcarse en los paseos de catamar\u00e1n que recorren el r\u00edo, con vistas impresionantes a los vi\u00f1edos de las laderas de las monta\u00f1as; visitar Castro Caldelas y su fortaleza; visitar las innumerables capillas e iglesias antiguas; descansar en las termas de Ourense; pasear sobre la \u00fanica muralla Romana del mundo que se encuentra completa, en Lugo; la lista es interminable\u2026<\/p>\n<p>Ofrecemos a nuestros hu\u00e9spedes informaci\u00f3n sobre rutas y paseos exclusivos que pueden realizar de 1 a 4 d\u00edas. Podr\u00e1n encontrar m\u00e1s informaci\u00f3n en la Oficina de Turismo de Sober.<\/p>\n<p>Lo m\u00e1s importante: <strong>relajarse, disfrutar y dejarse asombrar!<\/strong><\/p>\n<figure id=\"attachment_1255\" aria-describedby=\"caption-attachment-1255\" style=\"width: 150px\" class=\"wp-caption alignright\"><img loading=\"lazy\" decoding=\"async\" class=\"imgfloatright wp-image-1255 size-thumbnail\" src=\"https:\/\/casadopolo.lifeingalicia.com\/wp-content\/uploads\/2019\/08\/DSC_1179-150x150.jpg\" alt=\"\" width=\"150\" height=\"150\" \/><figcaption id=\"caption-attachment-1255\" class=\"wp-caption-text\">Nighttime<\/figcaption><\/figure>\n<figure id=\"attachment_216\" aria-describedby=\"caption-attachment-216\" style=\"width: 150px\" class=\"wp-caption alignleft\"><img loading=\"lazy\" decoding=\"async\" class=\"imgfloatleft wp-image-216 size-thumbnail\" src=\"https:\/\/casadopolo.lifeingalicia.com\/wp-content\/uploads\/2017\/06\/DSC_0897-150x150.jpg\" alt=\"\" width=\"150\" height=\"150\" \/><figcaption id=\"caption-attachment-216\" class=\"wp-caption-text\">\u00abCave shower\u00bb<\/figcaption><\/figure>\n<figure id=\"attachment_201\" aria-describedby=\"caption-attachment-201\" style=\"width: 150px\" class=\"wp-caption alignleft\"><img loading=\"lazy\" decoding=\"async\" class=\"imgfloatleft wp-image-201 size-thumbnail\" src=\"https:\/\/casadopolo.lifeingalicia.com\/wp-content\/uploads\/2017\/06\/0090-150x150.jpg\" alt=\"\" width=\"150\" height=\"150\" \/><figcaption id=\"caption-attachment-201\" class=\"wp-caption-text\">Beds &#8211; double or twin &#8211;<\/figcaption><\/figure>\n<figure id=\"attachment_1631\" aria-describedby=\"caption-attachment-1631\" style=\"width: 150px\" class=\"wp-caption alignright\"><img loading=\"lazy\" decoding=\"async\" class=\"imgfloatleft wp-image-1631 size-thumbnail\" src=\"https:\/\/casadopolo.lifeingalicia.com\/wp-content\/uploads\/2020\/08\/DSC_4799-2-150x150.jpg\" alt=\"\" width=\"150\" height=\"150\" \/><figcaption id=\"caption-attachment-1631\" class=\"wp-caption-text\">BBQ &#8211; Bread oven<\/figcaption><\/figure>\n<figure id=\"attachment_1573\" aria-describedby=\"caption-attachment-1573\" style=\"width: 150px\" class=\"wp-caption alignright\"><img loading=\"lazy\" decoding=\"async\" class=\"wp-image-1573 size-thumbnail\" src=\"https:\/\/casadopolo.lifeingalicia.com\/wp-content\/uploads\/2020\/08\/IMG_20200722_125401_7-150x150.jpg\" alt=\"\" width=\"150\" height=\"150\" \/><figcaption id=\"caption-attachment-1573\" class=\"wp-caption-text\">Seating Balcony<\/figcaption><\/figure>\n<\/div>\n","protected":false},"excerpt":{"rendered":"<p>Los or\u00edgenes de \u201cCasa do Polo\u201d se remontan a unos 200 a\u00f1os atr\u00e1s. A lo largo de los a\u00f1os la casa sufri\u00f3 alteraciones y ampliaciones que fueron mutando su apariencia original. Cuando la compramos, en el 2015, la casa se encontraba muy descuidada y en un estado ruinoso. Dos a\u00f1os de trabajo y renovaci\u00f3n tuvieron&hellip;<\/p>\n<p class=\"more-link-wrapper\"><a class=\"more-link\" href=\"https:\/\/casadopolo.lifeingalicia.com\/es\/descripcion-detallada\/\">Continue<\/a><\/p>\n","protected":false},"author":1,"featured_media":0,"parent":0,"menu_order":0,"comment_status":"closed","ping_status":"closed","template":"","meta":{"footnotes":""},"class_list":["post-534","page","type-page","status-publish","hentry"],"aioseo_notices":[],"_links":{"self":[{"href":"https:\/\/casadopolo.lifeingalicia.com\/es\/wp-json\/wp\/v2\/pages\/534\/"}],"collection":[{"href":"https:\/\/casadopolo.lifeingalicia.com\/es\/wp-json\/wp\/v2\/pages\/"}],"about":[{"href":"https:\/\/casadopolo.lifeingalicia.com\/es\/wp-json\/wp\/v2\/types\/page\/"}],"author":[{"embeddable":true,"href":"https:\/\/casadopolo.lifeingalicia.com\/es\/wp-json\/wp\/v2\/users\/1\/"}],"replies":[{"embeddable":true,"href":"https:\/\/casadopolo.lifeingalicia.com\/es\/wp-json\/wp\/v2\/comments\/?post=534"}],"version-history":[{"count":18,"href":"https:\/\/casadopolo.lifeingalicia.com\/es\/wp-json\/wp\/v2\/pages\/534\/revisions\/"}],"predecessor-version":[{"id":1653,"href":"https:\/\/casadopolo.lifeingalicia.com\/es\/wp-json\/wp\/v2\/pages\/534\/revisions\/1653\/"}],"wp:attachment":[{"href":"https:\/\/casadopolo.lifeingalicia.com\/es\/wp-json\/wp\/v2\/media\/?parent=534"}],"curies":[{"name":"wp","href":"https:\/\/api.w.org\/{rel}","templated":true}]}}