{"id":363,"date":"2017-06-22T00:03:25","date_gmt":"2017-06-22T00:03:25","guid":{"rendered":"http:\/\/casadopolo.lifeingalicia.com\/?page_id=363"},"modified":"2017-06-22T00:03:25","modified_gmt":"2017-06-22T00:03:25","slug":"donde-estamos-direcciones-casa-do-polo-a-vilerma","status":"publish","type":"page","link":"https:\/\/casadopolo.lifeingalicia.com\/es\/donde-estamos-direcciones-casa-do-polo-a-vilerma\/","title":{"rendered":"Donde estamos &#8211; Direcciones &#8211; Casa do Polo A Vilerma"},"content":{"rendered":"<table style=\"width: 736px;\">\n<tbody>\n<tr>\n<td style=\"width: 341px;\"><iframe loading=\"lazy\" src=\"https:\/\/www.google.com\/maps\/d\/u\/0\/embed?mid=1ugXs5lM9qjrQFJlW3_cKwo2syeA&amp;z=12\" width=\"320\" height=\"240\" data-mce-fragment=\"1\"><\/iframe><\/td>\n<td style=\"width: 393px;\"><span style=\"font-family: 'book antiqua', palatino, serif; font-size: 14pt;\">Casa do Polo est\u00e1 en la carretera de Sober a Doade en la comarca de Monforte de Lemos.<\/span><\/p>\n<p><span style=\"font-family: 'book antiqua', palatino, serif; font-size: 12pt;\">A unos 4 km despu\u00e9s de salir de Sober se llega a un cruce de caminos. Izquierda a Bulso derecho al mirador Santiorxo.<\/span><\/p>\n<p><span style=\"font-family: 'book antiqua', palatino, serif; font-size: 12pt;\">Gire a la izquierda y despu\u00e9s de 50 metros gire a la izquierda de nuevo.<\/span><\/p>\n<p><span style=\"font-family: 'book antiqua', palatino, serif; font-size: 12pt;\">250 metros en que simplemente no puede perder la casa.<\/span><\/td>\n<\/tr>\n<\/tbody>\n<\/table>\n<p><span style=\"font-family: 'book antiqua', palatino, serif; font-size: 14pt;\">Se puede llegar en tren en Monforte de Lemos &#8211; Bus es raro, un taxi es de unos 15 \u20ac.<\/span><br \/>\n<span style=\"font-family: 'book antiqua', palatino, serif; font-size: 14pt;\">Usted puede ir en tren a Orense y all\u00ed se puede alquilar un coche. Est\u00e1 a unos 34 km de la estaci\u00f3n de Orense a la Casa do Polo.<\/span><\/p>\n<p><span style=\"font-family: 'book antiqua', palatino, serif; font-size: 14pt;\">Los aeropuertos m\u00e1s cercanos son:<\/span><\/p>\n<p>Santiago de Compostela &#8211; 100Km &#8211; 1h 30<\/p>\n<p>Vigo &#8211; 100Km &#8211; 1h 30<\/p>\n<p><span style=\"font-size: 0.875rem;\">O Porto (Portugal) &#8211; 2h 30<\/span><\/p>\n<p>Asturias (Gijon) &#8211; 2h 30<\/p>\n","protected":false},"excerpt":{"rendered":"<p>Casa do Polo est\u00e1 en la carretera de Sober a Doade en la comarca de Monforte de Lemos. A unos 4 km despu\u00e9s de salir de Sober se llega a un cruce de caminos. Izquierda a Bulso derecho al mirador Santiorxo. Gire a la izquierda y despu\u00e9s de 50 metros gire a la izquierda de&hellip;<\/p>\n<p class=\"more-link-wrapper\"><a class=\"more-link\" href=\"https:\/\/casadopolo.lifeingalicia.com\/es\/donde-estamos-direcciones-casa-do-polo-a-vilerma\/\">Continue<\/a><\/p>\n","protected":false},"author":1,"featured_media":0,"parent":0,"menu_order":0,"comment_status":"closed","ping_status":"closed","template":"","meta":{"footnotes":""},"class_list":["post-363","page","type-page","status-publish","hentry"],"aioseo_notices":[],"_links":{"self":[{"href":"https:\/\/casadopolo.lifeingalicia.com\/es\/wp-json\/wp\/v2\/pages\/363\/"}],"collection":[{"href":"https:\/\/casadopolo.lifeingalicia.com\/es\/wp-json\/wp\/v2\/pages\/"}],"about":[{"href":"https:\/\/casadopolo.lifeingalicia.com\/es\/wp-json\/wp\/v2\/types\/page\/"}],"author":[{"embeddable":true,"href":"https:\/\/casadopolo.lifeingalicia.com\/es\/wp-json\/wp\/v2\/users\/1\/"}],"replies":[{"embeddable":true,"href":"https:\/\/casadopolo.lifeingalicia.com\/es\/wp-json\/wp\/v2\/comments\/?post=363"}],"version-history":[{"count":1,"href":"https:\/\/casadopolo.lifeingalicia.com\/es\/wp-json\/wp\/v2\/pages\/363\/revisions\/"}],"predecessor-version":[{"id":364,"href":"https:\/\/casadopolo.lifeingalicia.com\/es\/wp-json\/wp\/v2\/pages\/363\/revisions\/364\/"}],"wp:attachment":[{"href":"https:\/\/casadopolo.lifeingalicia.com\/es\/wp-json\/wp\/v2\/media\/?parent=363"}],"curies":[{"name":"wp","href":"https:\/\/api.w.org\/{rel}","templated":true}]}}