{"id":1084,"date":"2017-11-05T10:20:52","date_gmt":"2017-11-05T10:20:52","guid":{"rendered":"http:\/\/casadopolo.lifeingalicia.com\/?page_id=1084"},"modified":"2018-01-18T18:17:48","modified_gmt":"2018-01-18T18:17:48","slug":"cercano-para-explorar","status":"publish","type":"page","link":"https:\/\/casadopolo.lifeingalicia.com\/es\/cercano-para-explorar\/","title":{"rendered":"Cercano para explorar"},"content":{"rendered":"<div id=\"slides\"><\/div>\n<p><\/br><div id=\"metaslider-id-243\" style=\"max-width: 1200px; margin: 0 auto;\" class=\"ml-slider-3-101-0 metaslider metaslider-nivo metaslider-243 ml-slider has-dots-nav ml-slider-lightbox-2-0-0 lightbox-disabled ms-theme-default\" role=\"region\" aria-label=\"New Slider\" data-height=\"700\" data-width=\"1200\">\n    <div id=\"metaslider_container_243\">\n        <div class='slider-wrapper theme-default'><div class='ribbon'><\/div><div id='metaslider_243' class='nivoSlider'><img loading=\"lazy\" decoding=\"async\" src=\"https:\/\/casadopolo.lifeingalicia.com\/wp-content\/uploads\/2017\/07\/DSC_1042-1200x700.jpg\" height=\"700\" width=\"1200\" data-caption=\"Santiorxo \" alt=\"\" class=\"slider-243 slide-673 msDefaultImage\" \/><img loading=\"lazy\" decoding=\"async\" src=\"https:\/\/casadopolo.lifeingalicia.com\/wp-content\/uploads\/2017\/07\/DSC_1046-1200x700.jpg\" height=\"700\" width=\"1200\" data-caption=\"Santiorxo\" alt=\"\" class=\"slider-243 slide-672 msDefaultImage\" \/><img loading=\"lazy\" decoding=\"async\" src=\"https:\/\/casadopolo.lifeingalicia.com\/wp-content\/uploads\/2017\/06\/DSC_7021-1200x700.jpg\" height=\"700\" width=\"1200\" data-caption=\"Chestnut\" alt=\"\" class=\"slider-243 slide-244 msDefaultImage\" \/><img loading=\"lazy\" decoding=\"async\" src=\"https:\/\/casadopolo.lifeingalicia.com\/wp-content\/uploads\/2017\/06\/DSC_7019-1200x700.jpg\" height=\"700\" width=\"1200\" data-caption=\"Lakes\" alt=\"\" class=\"slider-243 slide-245 msDefaultImage\" \/><img loading=\"lazy\" decoding=\"async\" src=\"https:\/\/casadopolo.lifeingalicia.com\/wp-content\/uploads\/2017\/06\/DSC_7208-1200x700.jpg\" height=\"700\" width=\"1200\" alt=\"\" class=\"slider-243 slide-246 msDefaultImage\" \/><img loading=\"lazy\" decoding=\"async\" src=\"https:\/\/casadopolo.lifeingalicia.com\/wp-content\/uploads\/2017\/06\/DSC_7232-1200x700.jpg\" height=\"700\" width=\"1200\" data-caption=\"Allariz\" alt=\"\" class=\"slider-243 slide-247 msDefaultImage\" \/><img loading=\"lazy\" decoding=\"async\" src=\"https:\/\/casadopolo.lifeingalicia.com\/wp-content\/uploads\/2017\/06\/DSC_7236-1200x700.jpg\" height=\"700\" width=\"1200\" alt=\"\" class=\"slider-243 slide-248 msDefaultImage\" \/><img loading=\"lazy\" decoding=\"async\" src=\"https:\/\/casadopolo.lifeingalicia.com\/wp-content\/uploads\/2017\/06\/DSC_8521-1200x700.jpg\" height=\"700\" width=\"1200\" alt=\"\" class=\"slider-243 slide-250 msDefaultImage\" \/><img loading=\"lazy\" decoding=\"async\" src=\"https:\/\/casadopolo.lifeingalicia.com\/wp-content\/uploads\/2017\/06\/DSC_0195-1200x700.jpg\" height=\"700\" width=\"1200\" alt=\"\" class=\"slider-243 slide-251 msDefaultImage\" \/><img loading=\"lazy\" decoding=\"async\" src=\"https:\/\/casadopolo.lifeingalicia.com\/wp-content\/uploads\/2017\/06\/DSC_0188-1200x700.jpg\" height=\"700\" width=\"1200\" alt=\"\" class=\"slider-243 slide-252 msDefaultImage\" \/><img loading=\"lazy\" decoding=\"async\" src=\"https:\/\/casadopolo.lifeingalicia.com\/wp-content\/uploads\/2017\/06\/DSC_7238-1200x700.jpg\" height=\"700\" width=\"1200\" alt=\"\" class=\"slider-243 slide-253 msDefaultImage\" \/><img loading=\"lazy\" decoding=\"async\" src=\"https:\/\/casadopolo.lifeingalicia.com\/wp-content\/uploads\/2017\/06\/DSC_7204-1200x700.jpg\" height=\"700\" width=\"1200\" alt=\"\" class=\"slider-243 slide-254 msDefaultImage\" \/><img loading=\"lazy\" decoding=\"async\" src=\"https:\/\/casadopolo.lifeingalicia.com\/wp-content\/uploads\/2017\/06\/DSC_7136-1200x700.jpg\" height=\"700\" width=\"1200\" alt=\"\" class=\"slider-243 slide-256 msDefaultImage\" \/><img loading=\"lazy\" decoding=\"async\" src=\"https:\/\/casadopolo.lifeingalicia.com\/wp-content\/uploads\/2017\/06\/DSC_5698-1200x700.jpg\" height=\"700\" width=\"1200\" data-caption=\"A days picking\" alt=\"\" class=\"slider-243 slide-258 msDefaultImage\" \/><img loading=\"lazy\" decoding=\"async\" src=\"https:\/\/casadopolo.lifeingalicia.com\/wp-content\/uploads\/2017\/06\/DSC_8935-1200x700.jpg\" height=\"700\" width=\"1200\" data-caption=\"Nice drives\" alt=\"\" class=\"slider-243 slide-291 msDefaultImage\" \/><img loading=\"lazy\" decoding=\"async\" src=\"https:\/\/casadopolo.lifeingalicia.com\/wp-content\/uploads\/2017\/06\/DSC_8981-1200x700.jpg\" height=\"700\" width=\"1200\" data-caption=\"Cristal clear water\" alt=\"\" class=\"slider-243 slide-293 msDefaultImage\" \/><img loading=\"lazy\" decoding=\"async\" src=\"https:\/\/casadopolo.lifeingalicia.com\/wp-content\/uploads\/2017\/06\/DSC_8994-1200x700.jpg\" height=\"700\" width=\"1200\" alt=\"\" class=\"slider-243 slide-294 msDefaultImage\" \/><img loading=\"lazy\" decoding=\"async\" src=\"https:\/\/casadopolo.lifeingalicia.com\/wp-content\/uploads\/2017\/06\/DSC_9016-1200x700.jpg\" height=\"700\" width=\"1200\" alt=\"\" class=\"slider-243 slide-295 msDefaultImage\" \/><img loading=\"lazy\" decoding=\"async\" src=\"https:\/\/casadopolo.lifeingalicia.com\/wp-content\/uploads\/2017\/06\/DSC_9067-1200x700.jpg\" height=\"700\" width=\"1200\" alt=\"\" class=\"slider-243 slide-296 msDefaultImage\" \/><img loading=\"lazy\" decoding=\"async\" src=\"https:\/\/casadopolo.lifeingalicia.com\/wp-content\/uploads\/2017\/06\/DSC_9315-1200x700.jpg\" height=\"700\" width=\"1200\" data-caption=\"Rio Sil (Sober)\" alt=\"\" class=\"slider-243 slide-297 msDefaultImage\" \/><img loading=\"lazy\" decoding=\"async\" src=\"https:\/\/casadopolo.lifeingalicia.com\/wp-content\/uploads\/2017\/06\/DSC_9378-1200x700.jpg\" height=\"700\" width=\"1200\" alt=\"\" class=\"slider-243 slide-299 msDefaultImage\" \/><img loading=\"lazy\" decoding=\"async\" src=\"https:\/\/casadopolo.lifeingalicia.com\/wp-content\/uploads\/2017\/06\/DSC_9420-1200x700.jpg\" height=\"700\" width=\"1200\" alt=\"\" class=\"slider-243 slide-302 msDefaultImage\" \/><img loading=\"lazy\" decoding=\"async\" src=\"https:\/\/casadopolo.lifeingalicia.com\/wp-content\/uploads\/2017\/06\/DSC_9545-1200x700.jpg\" height=\"700\" width=\"1200\" data-caption=\"San Pedro de Roca\" alt=\"\" class=\"slider-243 slide-303 msDefaultImage\" \/><img loading=\"lazy\" decoding=\"async\" src=\"https:\/\/casadopolo.lifeingalicia.com\/wp-content\/uploads\/2017\/06\/DSC_9550-1200x700.jpg\" height=\"700\" width=\"1200\" alt=\"\" class=\"slider-243 slide-304 msDefaultImage\" \/><img loading=\"lazy\" decoding=\"async\" src=\"https:\/\/casadopolo.lifeingalicia.com\/wp-content\/uploads\/2017\/06\/DSC_9569-1200x700.jpg\" height=\"700\" width=\"1200\" alt=\"\" class=\"slider-243 slide-305 msDefaultImage\" \/><img loading=\"lazy\" decoding=\"async\" src=\"https:\/\/casadopolo.lifeingalicia.com\/wp-content\/uploads\/2017\/06\/DSC_9639-1200x700.jpg\" height=\"700\" width=\"1200\" data-caption=\"Monasterios\" alt=\"\" class=\"slider-243 slide-306 msDefaultImage\" \/><img loading=\"lazy\" decoding=\"async\" src=\"https:\/\/casadopolo.lifeingalicia.com\/wp-content\/uploads\/2017\/06\/DSC_9649-1200x700.jpg\" height=\"700\" width=\"1200\" alt=\"\" class=\"slider-243 slide-307 msDefaultImage\" \/><img loading=\"lazy\" decoding=\"async\" src=\"https:\/\/casadopolo.lifeingalicia.com\/wp-content\/uploads\/2017\/06\/DSC_9665-1197x698.jpg\" height=\"700\" width=\"1200\" alt=\"\" class=\"slider-243 slide-308 msDefaultImage\" \/><img loading=\"lazy\" decoding=\"async\" src=\"https:\/\/casadopolo.lifeingalicia.com\/wp-content\/uploads\/2017\/06\/DSC_9657-1200x700.jpg\" height=\"700\" width=\"1200\" alt=\"\" class=\"slider-243 slide-309 msDefaultImage\" \/><img loading=\"lazy\" decoding=\"async\" src=\"https:\/\/casadopolo.lifeingalicia.com\/wp-content\/uploads\/2017\/06\/DSC_9666-1200x700.jpg\" height=\"700\" width=\"1200\" data-caption=\"Pelegrinos\" alt=\"\" class=\"slider-243 slide-310 msDefaultImage\" \/><img loading=\"lazy\" decoding=\"async\" src=\"https:\/\/casadopolo.lifeingalicia.com\/wp-content\/uploads\/2017\/06\/DSC_9694-1200x700.jpg\" height=\"700\" width=\"1200\" alt=\"\" class=\"slider-243 slide-311 msDefaultImage\" \/><img loading=\"lazy\" decoding=\"async\" src=\"https:\/\/casadopolo.lifeingalicia.com\/wp-content\/uploads\/2017\/06\/DSC_9709-1200x700.jpg\" height=\"700\" width=\"1200\" data-caption=\"Monforte de Lemos\" alt=\"\" class=\"slider-243 slide-312 msDefaultImage\" \/><img loading=\"lazy\" decoding=\"async\" src=\"https:\/\/casadopolo.lifeingalicia.com\/wp-content\/uploads\/2017\/06\/DSC_9719-1200x700.jpg\" height=\"700\" width=\"1200\" data-caption=\"Tapas (Panceta)\" alt=\"\" class=\"slider-243 slide-313 msDefaultImage\" \/><img loading=\"lazy\" decoding=\"async\" src=\"https:\/\/casadopolo.lifeingalicia.com\/wp-content\/uploads\/2017\/06\/DSC_9730-1200x700.jpg\" height=\"700\" width=\"1200\" data-caption=\"Fiestas\" alt=\"\" class=\"slider-243 slide-314 msDefaultImage\" \/><img loading=\"lazy\" decoding=\"async\" src=\"https:\/\/casadopolo.lifeingalicia.com\/wp-content\/uploads\/2017\/06\/DSC_9729-1200x700.jpg\" height=\"700\" width=\"1200\" alt=\"\" class=\"slider-243 slide-315 msDefaultImage\" \/><img loading=\"lazy\" decoding=\"async\" src=\"https:\/\/casadopolo.lifeingalicia.com\/wp-content\/uploads\/2017\/06\/DSC_9724-1200x700.jpg\" height=\"700\" width=\"1200\" alt=\"\" class=\"slider-243 slide-316 msDefaultImage\" \/><img loading=\"lazy\" decoding=\"async\" src=\"https:\/\/casadopolo.lifeingalicia.com\/wp-content\/uploads\/2017\/06\/DSC_8595-1200x700.jpg\" height=\"700\" width=\"1200\" data-caption=\"Ancient settlement\" alt=\"\" class=\"slider-243 slide-317 msDefaultImage\" \/><img loading=\"lazy\" decoding=\"async\" src=\"https:\/\/casadopolo.lifeingalicia.com\/wp-content\/uploads\/2017\/06\/DSC_8596-1200x700.jpg\" height=\"700\" width=\"1200\" alt=\"\" class=\"slider-243 slide-318 msDefaultImage\" \/><img loading=\"lazy\" decoding=\"async\" src=\"https:\/\/casadopolo.lifeingalicia.com\/wp-content\/uploads\/2017\/06\/DSC_8601-1200x700.jpg\" height=\"700\" width=\"1200\" alt=\"\" class=\"slider-243 slide-319 msDefaultImage\" \/><img loading=\"lazy\" decoding=\"async\" src=\"https:\/\/casadopolo.lifeingalicia.com\/wp-content\/uploads\/2017\/06\/DSC_8640-1200x700.jpg\" height=\"700\" width=\"1200\" alt=\"\" class=\"slider-243 slide-320 msDefaultImage\" \/><img loading=\"lazy\" decoding=\"async\" src=\"https:\/\/casadopolo.lifeingalicia.com\/wp-content\/uploads\/2017\/06\/DSC_8540-1200x700.jpg\" height=\"700\" width=\"1200\" data-caption=\"Ferias \/ Fiestas\" alt=\"\" class=\"slider-243 slide-321 msDefaultImage\" \/><img loading=\"lazy\" decoding=\"async\" src=\"https:\/\/casadopolo.lifeingalicia.com\/wp-content\/uploads\/2017\/06\/DSC_6350-1200x700.jpg\" height=\"700\" width=\"1200\" data-caption=\"Seee you soon\" alt=\"\" class=\"slider-243 slide-322 msDefaultImage\" \/><\/div><\/div>\n        \n    <\/div>\n<\/div><\/p>\n<p>Hay tanto que ver y hacer, que no podr\u00e1s meterlo todo. No olvides que est\u00e1s aqu\u00ed para relajarte. Las fotos se toman durante varias ocasiones durante el a\u00f1o en el \u00e1rea de Ribeira Sacra, Amandi, Sober y alrededores.<\/p>\n","protected":false},"excerpt":{"rendered":"<p>Hay tanto que ver y hacer, que no podr\u00e1s meterlo todo. No olvides que est\u00e1s aqu\u00ed para relajarte. Las fotos se toman durante varias ocasiones durante el a\u00f1o en el \u00e1rea de Ribeira Sacra, Amandi, Sober y alrededores.<\/p>\n","protected":false},"author":1,"featured_media":0,"parent":0,"menu_order":0,"comment_status":"closed","ping_status":"closed","template":"","meta":{"footnotes":""},"class_list":["post-1084","page","type-page","status-publish","hentry"],"aioseo_notices":[],"_links":{"self":[{"href":"https:\/\/casadopolo.lifeingalicia.com\/es\/wp-json\/wp\/v2\/pages\/1084\/"}],"collection":[{"href":"https:\/\/casadopolo.lifeingalicia.com\/es\/wp-json\/wp\/v2\/pages\/"}],"about":[{"href":"https:\/\/casadopolo.lifeingalicia.com\/es\/wp-json\/wp\/v2\/types\/page\/"}],"author":[{"embeddable":true,"href":"https:\/\/casadopolo.lifeingalicia.com\/es\/wp-json\/wp\/v2\/users\/1\/"}],"replies":[{"embeddable":true,"href":"https:\/\/casadopolo.lifeingalicia.com\/es\/wp-json\/wp\/v2\/comments\/?post=1084"}],"version-history":[{"count":2,"href":"https:\/\/casadopolo.lifeingalicia.com\/es\/wp-json\/wp\/v2\/pages\/1084\/revisions\/"}],"predecessor-version":[{"id":1086,"href":"https:\/\/casadopolo.lifeingalicia.com\/es\/wp-json\/wp\/v2\/pages\/1084\/revisions\/1086\/"}],"wp:attachment":[{"href":"https:\/\/casadopolo.lifeingalicia.com\/es\/wp-json\/wp\/v2\/media\/?parent=1084"}],"curies":[{"name":"wp","href":"https:\/\/api.w.org\/{rel}","templated":true}]}}