{"id":690,"date":"2017-09-07T17:07:50","date_gmt":"2017-09-07T17:07:50","guid":{"rendered":"http:\/\/casadopolo.lifeingalicia.com\/?page_id=690"},"modified":"2020-08-17T20:38:58","modified_gmt":"2020-08-17T20:38:58","slug":"descripcion-detallada","status":"publish","type":"page","link":"https:\/\/casadopolo.lifeingalicia.com\/de\/descripcion-detallada\/","title":{"rendered":"Die Beschreibung der Casa do Polo"},"content":{"rendered":"<figure id=\"attachment_397\" aria-describedby=\"caption-attachment-397\" style=\"width: 150px\" class=\"wp-caption alignright\"><img loading=\"lazy\" decoding=\"async\" class=\"imgfloatleft wp-image-397 size-thumbnail\" src=\"https:\/\/casadopolo.lifeingalicia.com\/wp-content\/uploads\/2017\/06\/DSC_0910-150x150.jpg\" alt=\"Welcome to Casa do Polo A Vilerma\" width=\"150\" height=\"150\" \/><figcaption id=\"caption-attachment-397\" class=\"wp-caption-text\">Welcome<\/figcaption><\/figure>\n<p><span style=\"font-size: 14pt;\">So mal richtig ausspannen hier in der Casa do Polo. Die Urspr\u00fcnge dieses alleinstehenden Farmhauses gehen \u00fcber 200 Jahre zur\u00fcck. Immer wieder wurde etwas ge\u00e4ndert und oder angebaut, dann wurde das Haus verlassen. Wir haben es im Jahre 2015 in einem traurigen Zustand erworben und dann liebevoll \u00fcber 2 Jahre restauriert und den heutigen Gegebenheiten angepasst. Vorallem viel Licht und grossz\u00fcgiges Ambiente war und ist uns wichtig. <\/span><\/p>\n<p><span style=\"font-size: 14pt;\">Statt nur zwei Schlafzimmern hat die Casa do Polo zwei Apartments. Ein grosses mit seperatem Schlafzimmer und ein kleiners im &#8222;Studiostyle&#8220; beide nat\u00fcrlich mit en Suite Badezimmern.\u00a0<\/span><span style=\"font-size: 14pt; line-height: inherit;\">\u00a0<\/span><\/p>\n<p><span style=\"font-size: 14pt;\">Auf insgesammt 140m<sup>2<\/sup>\u00a0Wohnfl\u00e4che mit grossz\u00fcgigen Balkonen, einem ummauerten Innenhof und einem \u00fcberh\u00e4ngenden Dach von 250m<sup>2<\/sup>\u00a0bietet Casa do Polo Privatsph\u00e4re, Schatten und auch Schutz, sollte es einmal regnen.\u00a0<\/span><\/p>\n<figure id=\"attachment_202\" aria-describedby=\"caption-attachment-202\" style=\"width: 150px\" class=\"wp-caption alignright\"><img loading=\"lazy\" decoding=\"async\" class=\"imgfloatright wp-image-202 size-thumbnail\" src=\"https:\/\/casadopolo.lifeingalicia.com\/wp-content\/uploads\/2017\/06\/0100-150x150.jpg\" alt=\"Stargazer studio allows viewing the night sky\" width=\"150\" height=\"150\" \/><figcaption id=\"caption-attachment-202\" class=\"wp-caption-text\"><span style=\"font-size: 10pt;\">Studio (Stargazer)<\/span><\/figcaption><\/figure>\n<p><span style=\"font-size: 14pt;\">&#8222;Stargazer&#8220; das kleinere Studioapartment hat ein en Suite Bad, eine K\u00fcchenzeile, komfortable Sessel zum ausspannen und einen eigenen Balkon. Das grosse Dachfenster kann verdunkelt werden oder man betrachtet den Nachthimmel vom Bett oder Sessel aus.<\/span><\/p>\n<p><span style=\"font-size: 14pt;\"><img loading=\"lazy\" decoding=\"async\" class=\"alignright wp-image-1626 size-thumbnail\" src=\"https:\/\/casadopolo.lifeingalicia.com\/wp-content\/uploads\/2020\/08\/DSC_4797-2-150x150.jpg\" alt=\"\" width=\"150\" height=\"150\" \/>&#8222;The suite&#8220; das gr\u00f6ssere Apartment hat ein seperates Schlafzimmer mit en Suite Bad . Der grossz\u00fcgige helle Bereich ist Unterteilt in eine komplette K\u00fcche, Esstischecke sowie das eigentliche Wohnzimmer. \u00a0Grosse Fensterfronten sowie ein Dachfenster geben hier den Ton an. Im Schlafzimmer sorgen elektrische Rollos f\u00fcr Geborgenheit und Privatsph\u00e4re. Der grosse \u00fcberdachte Balkon hat an einem Ende einen kleinen Jacuzzi &#8211; genau das richtige am Abend nach einem langen Tag auf Entdeckungsreise.<\/span><\/p>\n<figure id=\"attachment_218\" aria-describedby=\"caption-attachment-218\" style=\"width: 150px\" class=\"wp-caption alignleft\"><img loading=\"lazy\" decoding=\"async\" class=\"imgfloatleft wp-image-218 size-thumbnail\" src=\"https:\/\/casadopolo.lifeingalicia.com\/wp-content\/uploads\/2017\/06\/DSC_0900-150x150.jpg\" alt=\"\" width=\"150\" height=\"150\" \/><figcaption id=\"caption-attachment-218\" class=\"wp-caption-text\">Kitchen &amp; Dining<\/figcaption><\/figure>\n<figure id=\"attachment_196\" aria-describedby=\"caption-attachment-196\" style=\"width: 150px\" class=\"wp-caption alignleft\"><img loading=\"lazy\" decoding=\"async\" class=\"imgfloatleft wp-image-196 size-thumbnail\" src=\"https:\/\/casadopolo.lifeingalicia.com\/wp-content\/uploads\/2017\/06\/0060-150x150.jpg\" alt=\"\" width=\"150\" height=\"150\" \/><figcaption id=\"caption-attachment-196\" class=\"wp-caption-text\">Bedroom<\/figcaption><\/figure>\n<figure id=\"attachment_194\" aria-describedby=\"caption-attachment-194\" style=\"width: 150px\" class=\"wp-caption alignleft\"><img loading=\"lazy\" decoding=\"async\" class=\"imgfloatleft wp-image-194 size-thumbnail\" src=\"https:\/\/casadopolo.lifeingalicia.com\/wp-content\/uploads\/2017\/06\/0050-150x150.jpg\" alt=\"\" width=\"150\" height=\"150\" \/><figcaption id=\"caption-attachment-194\" class=\"wp-caption-text\">Salon<\/figcaption><\/figure>\n<p><img loading=\"lazy\" decoding=\"async\" class=\"imgfloatright alignright wp-image-1559 size-thumbnail\" src=\"https:\/\/casadopolo.lifeingalicia.com\/wp-content\/uploads\/2020\/08\/20200725_170516-150x150.jpg\" alt=\"Patio of Casa do Polo\" width=\"150\" height=\"150\" \/><\/p>\n<p>&nbsp;<\/p>\n<p>&nbsp;<\/p>\n<p>&nbsp;<\/p>\n<p>&nbsp;<\/p>\n<p>&nbsp;<\/p>\n<p><span style=\"font-size: 14pt;\">Die K\u00fcche ist mit allem Notwendigen f\u00fcr 4 Personen ausgestattet. Kaffekocher (Franz\u00f6sisch), Mikrowelle, elektrischer Herd, Toster, Wasserkocher, K\u00fchlschrank und nat\u00fcrlich T\u00f6pfen, Pfannen, Geschirr und Besteck. Am Esstisch k\u00f6nnen bequem 4 Personen platznehmen. \u00a0Man kann diesen auch auf den Balkon stellen.\u00a0<\/span><\/p>\n<p><span style=\"font-size: 14pt;\">Hier befinded sich auch eine Glasst\u00fcr mit direktem Zugang zum\u00a0 Balkon.<\/span><\/p>\n<p><span style=\"font-size: 14pt;\">An einem handgeschmiedeten Raumteiler vorbei kommt man ins eigentliche Wohnzimmer. Hier laden zwei Sofa-Liegesessel zum Verweilen ein.\u00a0<img loading=\"lazy\" decoding=\"async\" class=\"alignright wp-image-1622 size-thumbnail\" src=\"https:\/\/casadopolo.lifeingalicia.com\/wp-content\/uploads\/2020\/08\/DSC_4796-2-150x150.jpg\" alt=\"\" width=\"150\" height=\"150\" \/><\/span><\/p>\n<p><span style=\"font-size: 14pt;\">Die verglaste &#8222;Nordseite&#8220; hat Doppelt\u00fcren als Zugang zum Balkon und ein Dachfenster. \u00dcbrigens alle Verglasungen sind mit Beschichtetem Galss und lassen, auch bei vollem Sonnenschein keine W\u00e4rme herein bzw. heraus.\u00a0<\/span><\/p>\n<p><span style=\"font-size: 14pt;\"><img loading=\"lazy\" decoding=\"async\" class=\"alignleft size-thumbnail wp-image-196\" src=\"https:\/\/casadopolo.lifeingalicia.com\/wp-content\/uploads\/2017\/06\/0060-150x150.jpg\" alt=\"\" width=\"150\" height=\"150\" \/>Eine ebenfalls verglaste Eingangst\u00fcr gibt direkten Zugang zurs &#8222;S\u00fcdseite&#8220;. Hier k\u00f6nnen sie Ihr Auto parken. Ein kleiner Weingarten beschattet einen Teil dieser Seite.<\/span><\/p>\n<p><span style=\"font-size: 14pt;\">Eine orginal &#8222;Galizische&#8220; \u00a0Holzt\u00fcr f\u00fchrt zum Schlafzimmer mit en Suite Bad. Die handgefertigten Betten aus Kastanienholz (2 x 90 x 200) k\u00f6nnen entweder als Doppel- oder Einzelbett konfiguriert werden.\u00a0<\/span><\/p>\n<p><span style=\"font-size: 14pt;\"><br \/>\n<img loading=\"lazy\" decoding=\"async\" class=\"size-thumbnail wp-image-197 alignright\" src=\"https:\/\/casadopolo.lifeingalicia.com\/wp-content\/uploads\/2017\/06\/0070-150x150.jpg\" alt=\"\" width=\"150\" height=\"150\" \/><\/span><\/p>\n<p><span style=\"font-size: 14pt;\">Die grosse Fensterfront mit den Doppelt\u00fcren kann auch mit elektrischen Jalousien teilweise und komplett verdunkelt werden oder als &#8222;al fresco schlafen&#8220; benutzt werden.<\/span><\/p>\n<p><span style=\"font-size: 14pt;\">Ausgesuchte Bettw\u00e4sche sowie die totale Ruhe laden zu einem super Schlaferlebniss ein.<\/span><\/p>\n<figure id=\"attachment_216\" aria-describedby=\"caption-attachment-216\" style=\"width: 150px\" class=\"wp-caption alignleft\"><img loading=\"lazy\" decoding=\"async\" class=\"imgfloatleft wp-image-216 size-thumbnail\" src=\"https:\/\/casadopolo.lifeingalicia.com\/wp-content\/uploads\/2017\/06\/DSC_0897-150x150.jpg\" alt=\"\" width=\"150\" height=\"150\" \/><figcaption id=\"caption-attachment-216\" class=\"wp-caption-text\">&#8222;Cave shower&#8220;<\/figcaption><\/figure>\n<p><span style=\"font-size: 14pt;\">Das Badezimmer hat eine grosse Dusche die ein wenig an eine H\u00f6hle erinnert, da zwei Seiten aus den massiven Grundmauern bestehen. Ein Fenster sowie eine automatische Bel\u00fcftungutomatik sorgen f\u00fcr Raumklima.<img loading=\"lazy\" decoding=\"async\" class=\"size-thumbnail wp-image-215 alignright\" src=\"https:\/\/casadopolo.lifeingalicia.com\/wp-content\/uploads\/2017\/06\/DSC_0896-150x150.jpg\" alt=\"\" width=\"150\" height=\"150\" \/> <\/span><\/p>\n<p><span style=\"font-size: 14pt;\">Dort ist auch ein grosses Waschbecken, Bidet und eine Toilette. Der elektrische Handtuchw\u00e4rmer \/Trockner sowie ein Hotelf\u00f6hn sind ebenfalls vorhanden. Handt\u00fccher geh\u00f6ren ebenfalls zur Standardausstattung. Selbstredend gibt es fliessendes Warm und Kaltwasser.<\/span><\/p>\n<p><span style=\"font-size: 14pt;\">Buchen sie f\u00fcr l\u00e4nger als eine Woche, kommt mit Ihrere Zustimmung eine Putzfrau zur Grundreinigng und um die Bettw\u00e4sche zu wechseln. Erfahrungsgem\u00e4ss dauert das etwa 4 Stunden.\u00a0<\/span><\/p>\n<p><span style=\"font-size: 14pt;\">Auf dem Balkon sind zwei Liegest\u00fchle, ein ausziehbarer Tisch sowie zwei normale St\u00fchle. Auf dem kleinen Balkon sind ein weiterer Tisch und St\u00fchle. Zwei &#8222;Sunlounger&#8220; stehen im Innenhof f\u00fcr sie bereit.<\/span><\/p>\n<figure id=\"attachment_190\" aria-describedby=\"caption-attachment-190\" style=\"width: 150px\" class=\"wp-caption alignleft\"><img loading=\"lazy\" decoding=\"async\" class=\"imgfloatleft wp-image-190 size-thumbnail\" src=\"https:\/\/casadopolo.lifeingalicia.com\/wp-content\/uploads\/2017\/06\/0020-150x150.jpg\" alt=\"\" width=\"150\" height=\"150\" \/><figcaption id=\"caption-attachment-190\" class=\"wp-caption-text\">Stargazer<\/figcaption><\/figure>\n<p><span style=\"font-size: 14pt;\">Stargazer &#8211; \u00a0Das &#8222;kleinere&#8220; aber grossz\u00fcgige Studioapartment mit seinem Dachfenster, eigenen Bad sowie einer K\u00fcchenzeile, komfortablen Liegesesseln, Rollos an allen Fenstern und dem bequemen Doppelbett welches ebenfalls auch als zwei Einzelbetten aufgestellt werden kann erlaubt es sich auch mal zur\u00fcckzuziehen oder einfach l\u00e4nger zu schlafen und dann erst im Bett oder auf dem Balkon zu Fr\u00fchst\u00fccken.<\/span><\/p>\n<p><span style=\"font-size: 18.6667px;\">Beim Eingang und der K\u00fcchenzeile ist auch der hier fr\u00fcher typische Klapptisch hinter dem sich Regale f\u00fcr Geschirr \u00a0und Kleinigkeiten verbergen.<\/span><\/p>\n<figure id=\"attachment_200\" aria-describedby=\"caption-attachment-200\" style=\"width: 150px\" class=\"wp-caption alignright\"><img loading=\"lazy\" decoding=\"async\" class=\"wp-image-200 size-thumbnail\" title=\"imgfloatright\" src=\"https:\/\/casadopolo.lifeingalicia.com\/wp-content\/uploads\/2017\/06\/0087-150x150.jpg\" alt=\"\" width=\"150\" height=\"150\" \/><figcaption id=\"caption-attachment-200\" class=\"wp-caption-text\">Bathroom<\/figcaption><\/figure>\n<p><span style=\"font-size: 14pt;\">Das hell erleuchtete Bad hat ein grosses Waschbecken, Toilette, eine grosse Dusche und eine Handtuchheizung. Eine Wand der Dusche ist der fr\u00fchere Kamin, dessen Abzugs\u00f6ffnung heute mit Glassblocksteinen verschlossen ist. Bel\u00fcftung erfolgt \u00fcber einen Ventilator den Sie per Zugschnur und Lichtschalter aus und einstellen k\u00f6nnen.<\/span><\/p>\n<figure id=\"attachment_201\" aria-describedby=\"caption-attachment-201\" style=\"width: 150px\" class=\"wp-caption alignleft\"><img loading=\"lazy\" decoding=\"async\" class=\"imgfloatleft wp-image-201 size-thumbnail\" src=\"https:\/\/casadopolo.lifeingalicia.com\/wp-content\/uploads\/2017\/06\/0090-150x150.jpg\" alt=\"\" width=\"150\" height=\"150\" \/><figcaption id=\"caption-attachment-201\" class=\"wp-caption-text\">Beds &#8211; double or twin &#8211;<\/figcaption><\/figure>\n<p><span style=\"font-size: 14pt;\">Das Doppelbett (2 x 90 x 200) kann auch als zwei Einzelbetten konfiguriert werden sofern sie das w\u00fcnschen.<\/span><\/p>\n<p><span style=\"font-size: 14pt;\">Zwei Liegesessel laden zum verweilen ein. Am Klapptisch kann man einen schnellen &#8222;Snack&#8220; zubereiten.<\/span><\/p>\n<p><span style=\"font-size: 14pt;\">Alle Balkone sind \u00fcberdacht und schattig am Nachmittag, auch wenn es mal regnet kann man diese sch\u00f6n gesch\u00fctzt geniessen.<\/span><\/p>\n<p><span style=\"font-size: 14pt;\">Im ummauerten Innenhof mit dem grossen Tor sind sie v\u00f6llig von der Aussenwelt abgeschieden und k\u00f6nnen entweder die Sonne oder Schatten geniessen. Hier ist auch eine typische kanadische Picknickbank und ein BBQ.\u00a0<\/span><\/p>\n<p><img loading=\"lazy\" decoding=\"async\" class=\"imgfloatleft alignright wp-image-1630 size-thumbnail\" src=\"https:\/\/casadopolo.lifeingalicia.com\/wp-content\/uploads\/2020\/08\/DSC_4799-2-150x150.jpg\" alt=\"\" width=\"150\" height=\"150\" \/><\/p>\n<p><span style=\"font-size: 14pt;\">Der alte Brotoven ist restauriert und kann auf Wunsch von uns f\u00fcr sie in Betrieb genommen werden. Galizische Pizza , Pizzabr\u00f6tchen und auch Fleisch sowie nat\u00fcrlich Brot kann hier gezaubert werden. <\/span><\/p>\n<p><span style=\"font-size: 14pt;\">Dieses geht nur auf Vorbestellung, allein das Vorheizen dauert etwa 3-4 Stunden.<\/span><\/p>\n<p><span style=\"font-size: 14pt;\">Hier unten finden sie auch den W\u00e4sche \/Putzraum mit Waschmaschine sowie einer weiteren Toilette.<\/span><\/p>\n<p>&nbsp;<\/p>\n<p><span style=\"font-size: 14pt;\"><em>Allgemeines :<\/em><\/span><\/p>\n<p><span style=\"font-size: 14pt;\"><strong>Wasser<\/strong>\u00a0&#8211; Der eigene Brunnen liefert Wasser aus mehr als 100 Metern Tiefe. Das Wasser ist kristallklar, sehr weich \u00a0und von grosser Rheinheit mit einem von PH 6,9 und keiner H\u00e4rte. Daher sollte man Schampoo nur in kleinen Mengen beutzen sost dauert es schon mal den Schaum auszusp\u00fclen.\u00a0<\/span><\/p>\n<p><span style=\"font-size: 14pt;\"><strong>Fernbedinungen:<\/strong>\u00a0Basisbeleuchtung funktioniert auch mit Schaltern, der Rest nur \u00fcber Fernbedienungen. Die elektrischen Jalousien im Schlafzimmer funktionieren ebenfalls nur mit Fernbedienung. In jedem Raum ist eine solche.<\/span><\/p>\n<p><span style=\"font-size: 14pt;\"><strong>AirCon &amp; Heizung:<\/strong>\u00a0Drei \u00a0unabh\u00e4ngige AirCon \/ W\u00e4rmepumpensysteme erm\u00f6glichen effizientes K\u00fchlen und Heizen<\/span><br \/>\n<span style=\"font-size: 14pt;\"> Die Fernbedienungen sind in jedem Raum. Die Einheiten schalten ab wenn nicht geung Strom vorhanden ist und schalten selbsst\u00e4ndig wieder ein bei Verf\u00fcgbarkeit.<\/span><\/p>\n<p><span style=\"font-size: 14pt;\"><strong>Energie \/ Strommanagement:<\/strong> Bedingt durch eine begrenzte Stromkapazit\u00e4t hat das Haus ein &#8222;Powermanagement&#8220;. Paralleler Betrieb von Jacuzzi, Waschmaschine, Herd und AirCon ist einfach nicht m\u00f6glich und wird daher verwaltet. Der Herd wird als erster abgeschaltet und muss manuell neu gestartet werden. Andere Einheiten wie Waschmaschine etc. laufen weiter wenn wieder genug Kapazit\u00e4t vorhanden ist.<\/span><\/p>\n<p><span style=\"font-size: 14pt;\"><strong>Das Dorf:<\/strong> A Vilerma hat keine permanenten Einwohner. Einige der 6 H\u00e4user dienen als Wochenend oder Urlaubsdomiziel f\u00fcr die Galizischen Eigent\u00fcmer.<\/span><\/p>\n<p><span style=\"font-size: 14pt;\"><strong>Aussichtspunkt Sanxiorxo:<\/strong>\u00a0Nur 900 meters zu Fuss oder mit dem Auto bringt sie zu einem der sch\u00f6nsten Aussichtspunkte hier in der Ribeira Sacra. Nehmen sie doch ein Picknick mit und geniessen die den Sonnenuntergang.<\/span><\/p>\n<p><span style=\"font-size: 14pt;\"><strong>Restaurants \/ Bars:<\/strong> In Bulso (2Km) finden sie eine tolle Cantina. Dort kann man nur etwas trimken, eine Tapa geniessen aber auch ein komplettes Galizisches Menu habe. Sober hat 4 Bars und ein restaurant OXugo. In der N\u00e4he ist auch das Merenzao (upmarket) Restaurant sowie die Cantina in Doade. Monforte de Lemos mit einer grossen Auswahl ist auch nicht weit.<\/span><\/p>\n<p><span style=\"font-size: 14pt;\"><strong>Ribeira Sacra erleben: <\/strong>Besuchen sie die Weinkellerei Regina Viarum (Doade). Finden sie die Jarhunderteichen und die Einsiedelei. Besuchen sie alle Aussichtspunkte der Gegend. Wandern sie entland der &#8222;Pasarella&#8220; am Fluss Mau zu seiner M\u00fcndung in den Sil. Ein Ausflug mit dem Katamaran auf dem Sil um die Europas steilste Weinberge von unten zu sehen und ein Besuch von Castro Caldelas, auf 1000 Meter mit seiner gut erhaltenen Burg und Altstadt sowie der lokalen Spezialit\u00e4t &#8220; Bica &#8222;. Etwas weiter is eine der \u00e4ltesten in den Fels gehauenen Kirchen &#8222;San Pedro de Roca&#8220;. Nat\u00fcrlich sollte man auch auf Europas einziger v\u00f6llig erhaltenen r\u00f6mischen Stadtmaur in Lugo einen Spaziergang machen. Ist es einmal k\u00fchl laden die vielen heissen Quellen in Orense zum Bad ein. DIe Liste ist lang und mehr finden sie auf weiteren unsere Seiten.<img loading=\"lazy\" decoding=\"async\" class=\"alignleft size-thumbnail wp-image-272\" src=\"https:\/\/casadopolo.lifeingalicia.com\/wp-content\/uploads\/2017\/06\/DSC_9550-150x150.jpg\" alt=\"\" width=\"150\" height=\"150\" \/><br \/>\n<\/span><\/p>\n<p><span style=\"font-size: 14pt;\">F\u00fcr unsere G\u00e4ste haben wir optimale Besichtigungstouren vorbereitet, sodass sie auch in kurzer Zeit die Ribeira Sacra in vollen Z\u00fcgen genissen k\u00f6nnen. Die Touristeninformation in Sober hat nat\u00fcrlich weitere Infos und Material f\u00fcr Sie.<\/span><\/p>\n<p><span style=\"font-size: 14pt;\">Aber das Wichtigste ist &#8211; \u00a0<em><strong>AUSSPANNN &#8211; ERHOLEN und GENIESSEN<\/strong><\/em><\/span><\/p>\n","protected":false},"excerpt":{"rendered":"<p>So mal richtig ausspannen hier in der Casa do Polo. Die Urspr\u00fcnge dieses alleinstehenden Farmhauses gehen \u00fcber 200 Jahre zur\u00fcck. Immer wieder wurde etwas ge\u00e4ndert und oder angebaut, dann wurde das Haus verlassen. Wir haben es im Jahre 2015 in einem traurigen Zustand erworben und dann liebevoll \u00fcber 2 Jahre restauriert und den heutigen Gegebenheiten&hellip;<\/p>\n<p class=\"more-link-wrapper\"><a class=\"more-link\" href=\"https:\/\/casadopolo.lifeingalicia.com\/de\/descripcion-detallada\/\">Continue<\/a><\/p>\n","protected":false},"author":1,"featured_media":0,"parent":0,"menu_order":0,"comment_status":"closed","ping_status":"closed","template":"","meta":{"footnotes":""},"class_list":["post-690","page","type-page","status-publish","hentry"],"aioseo_notices":[],"_links":{"self":[{"href":"https:\/\/casadopolo.lifeingalicia.com\/de\/wp-json\/wp\/v2\/pages\/690\/"}],"collection":[{"href":"https:\/\/casadopolo.lifeingalicia.com\/de\/wp-json\/wp\/v2\/pages\/"}],"about":[{"href":"https:\/\/casadopolo.lifeingalicia.com\/de\/wp-json\/wp\/v2\/types\/page\/"}],"author":[{"embeddable":true,"href":"https:\/\/casadopolo.lifeingalicia.com\/de\/wp-json\/wp\/v2\/users\/1\/"}],"replies":[{"embeddable":true,"href":"https:\/\/casadopolo.lifeingalicia.com\/de\/wp-json\/wp\/v2\/comments\/?post=690"}],"version-history":[{"count":10,"href":"https:\/\/casadopolo.lifeingalicia.com\/de\/wp-json\/wp\/v2\/pages\/690\/revisions\/"}],"predecessor-version":[{"id":1656,"href":"https:\/\/casadopolo.lifeingalicia.com\/de\/wp-json\/wp\/v2\/pages\/690\/revisions\/1656\/"}],"wp:attachment":[{"href":"https:\/\/casadopolo.lifeingalicia.com\/de\/wp-json\/wp\/v2\/media\/?parent=690"}],"curies":[{"name":"wp","href":"https:\/\/api.w.org\/{rel}","templated":true}]}}