{"id":350,"date":"2017-06-21T22:38:13","date_gmt":"2017-06-21T22:38:13","guid":{"rendered":"http:\/\/casadopolo.lifeingalicia.com\/?page_id=350"},"modified":"2018-12-10T13:50:58","modified_gmt":"2018-12-10T13:50:58","slug":"kontaktformular","status":"publish","type":"page","link":"https:\/\/casadopolo.lifeingalicia.com\/de\/kontaktformular\/","title":{"rendered":"Kontaktformular"},"content":{"rendered":"<figure id=\"attachment_235\" aria-describedby=\"caption-attachment-235\" style=\"width: 150px\" class=\"wp-caption alignleft\"><img loading=\"lazy\" decoding=\"async\" class=\"size-thumbnail wp-image-235\" src=\"https:\/\/casadopolo.lifeingalicia.com\/wp-content\/uploads\/2017\/06\/DSC_8748-150x150.jpg\" alt=\"\" width=\"150\" height=\"150\" \/><figcaption id=\"caption-attachment-235\" class=\"wp-caption-text\">Wir antworten so schnell wie m\u00f6glich.<\/figcaption><\/figure>\n<p><strong>Schoen von Ihnen zu h\u00f6ren.<br \/>\nWir antworten so schnell wie m\u00f6glich.<\/strong><br \/>\nBitte stellen Sie sicher das Ihre Mail Adresse richtig ist &#8211; sonst k\u00f6nnen wir nicht antworten.<br \/>\nVielen Dank und Gr\u00fcsse aus Galizien<br \/>\nBarbara &amp; Martin<\/p>\n\n<div class=\"wpcf7 no-js\" id=\"wpcf7-f228-o1\" lang=\"en-US\" dir=\"ltr\" data-wpcf7-id=\"228\">\n<div class=\"screen-reader-response\"><p role=\"status\" aria-live=\"polite\" aria-atomic=\"true\"><\/p> <ul><\/ul><\/div>\n<form action=\"\/de\/wp-json\/wp\/v2\/pages\/350\/#wpcf7-f228-o1\" method=\"post\" class=\"wpcf7-form init\" aria-label=\"Kontaktformular\" novalidate=\"novalidate\" data-status=\"init\">\n<fieldset class=\"hidden-fields-container\"><input type=\"hidden\" name=\"_wpcf7\" value=\"228\" \/><input type=\"hidden\" name=\"_wpcf7_version\" value=\"6.1.1\" \/><input type=\"hidden\" name=\"_wpcf7_locale\" value=\"en_US\" \/><input type=\"hidden\" name=\"_wpcf7_unit_tag\" value=\"wpcf7-f228-o1\" \/><input type=\"hidden\" name=\"_wpcf7_container_post\" value=\"0\" \/><input type=\"hidden\" name=\"_wpcf7_posted_data_hash\" value=\"\" \/>\n<\/fieldset>\n<p><a href=\"https:\/\/wa.me\/34639714879\/?text=Message%20from%20CdP_webb_site\" target=\"_blank\"><br \/>\n<img loading=\"lazy\" decoding=\"async\" src=\"https:\/\/casadopolo.lifeingalicia.com\/logo-wasap.png\" width=\"50\" height=\"50\" \/>Casa do Polo <\/a>\n<\/p>\n<p><label> Your Name (required)<br \/>\n<span class=\"wpcf7-form-control-wrap\" data-name=\"your-name\"><input size=\"40\" maxlength=\"400\" class=\"wpcf7-form-control wpcf7-text wpcf7-validates-as-required\" aria-required=\"true\" aria-invalid=\"false\" value=\"\" type=\"text\" name=\"your-name\" \/><\/span> <\/label>\n<\/p>\n<p><label> Your Email (required)<br \/>\n<span class=\"wpcf7-form-control-wrap\" data-name=\"your-email\"><input size=\"40\" maxlength=\"400\" class=\"wpcf7-form-control wpcf7-email wpcf7-validates-as-required wpcf7-text wpcf7-validates-as-email\" aria-required=\"true\" aria-invalid=\"false\" value=\"\" type=\"email\" name=\"your-email\" \/><\/span> <\/label>\n<\/p>\n<p><label> Subject<span class=\"wpcf7-form-control-wrap\" data-name=\"Subject_01\"><select class=\"wpcf7-form-control wpcf7-select wpcf7-validates-as-required\" aria-required=\"true\" aria-invalid=\"false\" multiple=\"multiple\" name=\"Subject_01[]\"><option value=\"Inquiry \/ Reservation\">Inquiry \/ Reservation<\/option><option value=\"Content\">Content<\/option><option value=\"Advertising \/ Link\">Advertising \/ Link<\/option><option value=\"Other \/ General\">Other \/ General<\/option><\/select><\/span><br \/>\n(required) <\/label>\n<\/p>\n<p><label> Your Message<br \/>\n<span class=\"wpcf7-form-control-wrap\" data-name=\"your-message\"><textarea cols=\"40\" rows=\"10\" maxlength=\"2000\" class=\"wpcf7-form-control wpcf7-textarea\" aria-invalid=\"false\" name=\"your-message\"><\/textarea><\/span> <\/label>\n<\/p>\n<p><input class=\"wpcf7-form-control wpcf7-submit has-spinner\" type=\"submit\" value=\"Send\" \/>\n<\/p><div class=\"wpcf7-response-output\" aria-hidden=\"true\"><\/div>\n<\/form>\n<\/div>\n\n","protected":false},"excerpt":{"rendered":"<p>Schoen von Ihnen zu h\u00f6ren. Wir antworten so schnell wie m\u00f6glich. Bitte stellen Sie sicher das Ihre Mail Adresse richtig ist &#8211; sonst k\u00f6nnen wir nicht antworten. Vielen Dank und Gr\u00fcsse aus Galizien Barbara &amp; Martin<\/p>\n","protected":false},"author":1,"featured_media":0,"parent":0,"menu_order":0,"comment_status":"closed","ping_status":"closed","template":"","meta":{"footnotes":""},"class_list":["post-350","page","type-page","status-publish","hentry"],"aioseo_notices":[],"_links":{"self":[{"href":"https:\/\/casadopolo.lifeingalicia.com\/de\/wp-json\/wp\/v2\/pages\/350\/"}],"collection":[{"href":"https:\/\/casadopolo.lifeingalicia.com\/de\/wp-json\/wp\/v2\/pages\/"}],"about":[{"href":"https:\/\/casadopolo.lifeingalicia.com\/de\/wp-json\/wp\/v2\/types\/page\/"}],"author":[{"embeddable":true,"href":"https:\/\/casadopolo.lifeingalicia.com\/de\/wp-json\/wp\/v2\/users\/1\/"}],"replies":[{"embeddable":true,"href":"https:\/\/casadopolo.lifeingalicia.com\/de\/wp-json\/wp\/v2\/comments\/?post=350"}],"version-history":[{"count":3,"href":"https:\/\/casadopolo.lifeingalicia.com\/de\/wp-json\/wp\/v2\/pages\/350\/revisions\/"}],"predecessor-version":[{"id":1145,"href":"https:\/\/casadopolo.lifeingalicia.com\/de\/wp-json\/wp\/v2\/pages\/350\/revisions\/1145\/"}],"wp:attachment":[{"href":"https:\/\/casadopolo.lifeingalicia.com\/de\/wp-json\/wp\/v2\/media\/?parent=350"}],"curies":[{"name":"wp","href":"https:\/\/api.w.org\/{rel}","templated":true}]}}