{"id":340,"date":"2017-05-30T23:21:02","date_gmt":"2017-05-30T23:21:02","guid":{"rendered":"http:\/\/casadopolo.lifeingalicia.com\/?page_id=340"},"modified":"2017-07-25T21:27:23","modified_gmt":"2017-07-25T21:27:23","slug":"slideshow","status":"publish","type":"page","link":"https:\/\/casadopolo.lifeingalicia.com\/de\/slideshow\/","title":{"rendered":"Casa do Polo &#8211; In Bildern"},"content":{"rendered":"<p>Lehnen Sie sich zur\u00fcck und genie\u00dfen Sie eine Pr\u00e4sentation von Casa do Polo<\/p>\n<div id=\"startpage\"><\/div>\n<div id\"slideshowloading\">\n<div id=\"metaslider-id-185\" style=\"max-width: 1000px; margin: 0 auto;\" class=\"ml-slider-3-101-0 metaslider metaslider-nivo metaslider-185 ml-slider has-dots-nav ml-slider-lightbox-2-0-0 simple-lightbox-2-9-4 ms-theme-nivo-dark\" role=\"region\" aria-label=\"New Slider\" data-height=\"700\" data-width=\"1000\">\n    <div id=\"metaslider_container_185\">\n        <div class='slider-wrapper theme-default'><div class='ribbon'><\/div><div id='metaslider_185' class='nivoSlider'><img loading=\"lazy\" decoding=\"async\" src=\"https:\/\/casadopolo.lifeingalicia.com\/wp-content\/uploads\/2019\/08\/the-house-front-1000x700.png\" height=\"700\" width=\"1000\" data-caption=\"Casa do Polo A Vilerma Entrance\" title=\"Casa do Polo Entrance\" alt=\"The entrance Casa do Polo\" class=\"slider-185 slide-1239 msDefaultImage\" \/><img loading=\"lazy\" decoding=\"async\" src=\"https:\/\/casadopolo.lifeingalicia.com\/wp-content\/uploads\/2019\/08\/balconies-bird-view-1000x700.png\" height=\"700\" width=\"1000\" data-caption=\"Birds eye view\" title=\"Birds eye view\" alt=\"Birds eye view\" class=\"slider-185 slide-1261 msDefaultImage\" \/><img loading=\"lazy\" decoding=\"async\" src=\"https:\/\/casadopolo.lifeingalicia.com\/wp-content\/uploads\/2020\/08\/20200725_170516-1000x700.jpg\" height=\"700\" width=\"1000\" data-caption=\"Patio\" title=\"Patio\" alt=\"Patio of Casa do Polo\" class=\"slider-185 slide-1243 msDefaultImage\" \/><img loading=\"lazy\" decoding=\"async\" src=\"https:\/\/casadopolo.lifeingalicia.com\/wp-content\/uploads\/2019\/08\/inner-court-yard-main-balcony-1000x700.png\" height=\"700\" width=\"1000\" data-caption=\"Balconies\" title=\"inner-court-yard-main-balcony\" alt=\"Patio and main balcony\" class=\"slider-185 slide-1238 msDefaultImage\" \/><img loading=\"lazy\" decoding=\"async\" src=\"https:\/\/casadopolo.lifeingalicia.com\/wp-content\/uploads\/2017\/07\/DSC_0911-1000x700.jpg\" height=\"700\" width=\"1000\" data-caption=\"Upstairs to the studio and the main apartment\" alt=\"\" class=\"slider-185 slide-430 msDefaultImage\" \/><img loading=\"lazy\" decoding=\"async\" src=\"https:\/\/casadopolo.lifeingalicia.com\/wp-content\/uploads\/2020\/08\/DSC_4797-2-1000x700.jpg\" height=\"700\" width=\"1000\" data-caption=\"Main balcony\" title=\"Main balcony of Casa do Polo\" alt=\"Main balcony of casa do polo\" class=\"slider-185 slide-662 msDefaultImage\" \/><img loading=\"lazy\" decoding=\"async\" src=\"https:\/\/casadopolo.lifeingalicia.com\/wp-content\/uploads\/2020\/08\/IMG_20200729_134546_6-3-1000x700.jpg\" height=\"700\" width=\"1000\" data-caption=\"Seating in the shade\" title=\"Seating in the shade\" alt=\"Seating in the shade\" class=\"slider-185 slide-1577 msDefaultImage\" \/><img loading=\"lazy\" decoding=\"async\" src=\"https:\/\/casadopolo.lifeingalicia.com\/wp-content\/uploads\/2017\/06\/DSC_0900-1000x700.jpg\" height=\"700\" width=\"1000\" title=\"Kitchen  dining area\" alt=\"Kitchen - dining area\" class=\"slider-185 slide-434 msDefaultImage\" \/><img loading=\"lazy\" decoding=\"async\" src=\"https:\/\/casadopolo.lifeingalicia.com\/wp-content\/uploads\/2019\/08\/DSC_1036-1000x700.jpg\" height=\"700\" width=\"1000\" data-caption=\"Breakfast\" title=\"Breakfast @ Casa do Polo\" alt=\"Breakfast at casa do polo\" class=\"slider-185 slide-1282 msDefaultImage\" \/><img loading=\"lazy\" decoding=\"async\" src=\"https:\/\/casadopolo.lifeingalicia.com\/wp-content\/uploads\/2019\/08\/kitchen-detail-1000x700.png\" height=\"700\" width=\"1000\" title=\"kitchen-detail\" alt=\"kitchen utensils\" class=\"slider-185 slide-1240 msDefaultImage\" \/><img loading=\"lazy\" decoding=\"async\" src=\"https:\/\/casadopolo.lifeingalicia.com\/wp-content\/uploads\/2020\/08\/DSC_4796-2-1000x700.jpg\" height=\"700\" width=\"1000\" data-caption=\"Glass front &amp; sky light \" title=\"Glas front living area\" alt=\"Glass front living area\" class=\"slider-185 slide-435 msDefaultImage\" \/><img loading=\"lazy\" decoding=\"async\" src=\"https:\/\/casadopolo.lifeingalicia.com\/wp-content\/uploads\/2019\/08\/salon-full-view-2-1000x700.jpg\" height=\"700\" width=\"1000\" title=\"Salon area\" alt=\"Comfortable area salon Casa do Polo\" class=\"slider-185 slide-1241 msDefaultImage\" \/><img loading=\"lazy\" decoding=\"async\" src=\"https:\/\/casadopolo.lifeingalicia.com\/wp-content\/uploads\/2019\/08\/main-bed-room-1000x700.jpg\" height=\"700\" width=\"1000\" data-caption=\"Main bedroom\" title=\"Main bed room \" alt=\"Main bed room\" class=\"slider-185 slide-1249 msDefaultImage\" \/><img loading=\"lazy\" decoding=\"async\" src=\"https:\/\/casadopolo.lifeingalicia.com\/wp-content\/uploads\/2017\/08\/DSC_1143-1000x700.jpg\" height=\"700\" width=\"1000\" data-caption=\"Blinds (electric)\" title=\"Shutters\" alt=\"Shutters\" class=\"slider-185 slide-665 msDefaultImage\" \/><img loading=\"lazy\" decoding=\"async\" src=\"https:\/\/casadopolo.lifeingalicia.com\/wp-content\/uploads\/2019\/08\/DSC_1000-1000x700.jpg\" height=\"700\" width=\"1000\" data-caption=\"Night time\" title=\"Night time - bed room\" alt=\"Night time - bed room\" class=\"slider-185 slide-1289 msDefaultImage\" \/><img loading=\"lazy\" decoding=\"async\" src=\"https:\/\/casadopolo.lifeingalicia.com\/wp-content\/uploads\/2020\/08\/DSC_4803-2-1000x700.jpg\" height=\"700\" width=\"1000\" title=\"Bedroom to salon\" alt=\"\" class=\"slider-185 slide-1647 msDefaultImage\" \/><img loading=\"lazy\" decoding=\"async\" src=\"https:\/\/casadopolo.lifeingalicia.com\/wp-content\/uploads\/2019\/08\/DSC_1004-1000x700.jpg\" height=\"700\" width=\"1000\" title=\"DSC_1004\" alt=\"\" class=\"slider-185 slide-1283 msDefaultImage\" \/><img loading=\"lazy\" decoding=\"async\" src=\"https:\/\/casadopolo.lifeingalicia.com\/wp-content\/uploads\/2017\/06\/0070-1000x700.jpg\" height=\"700\" width=\"1000\" data-caption=\"To the bathroom\" title=\"To the en suite bath room\" alt=\"To the en suite bath oom\" class=\"slider-185 slide-440 msDefaultImage\" \/><img loading=\"lazy\" decoding=\"async\" src=\"https:\/\/casadopolo.lifeingalicia.com\/wp-content\/uploads\/2017\/06\/DSC_0898-1000x700.jpg\" height=\"700\" width=\"1000\" data-caption=\"En suite\" title=\"Bath room\" alt=\"Bath room\" class=\"slider-185 slide-441 msDefaultImage\" \/><img loading=\"lazy\" decoding=\"async\" src=\"https:\/\/casadopolo.lifeingalicia.com\/wp-content\/uploads\/2019\/08\/wash-basin-curtesy-1000x700.png\" height=\"700\" width=\"1000\" title=\"wash-basin-curtesy\" alt=\"\" class=\"slider-185 slide-1242 msDefaultImage\" \/><img loading=\"lazy\" decoding=\"async\" src=\"https:\/\/casadopolo.lifeingalicia.com\/wp-content\/uploads\/2017\/06\/DSC_0897-1000x700.jpg\" height=\"700\" width=\"1000\" data-caption=\"&quot;Cave shower&quot;\" title=\"The cave shower\" alt=\"The cave shower\" class=\"slider-185 slide-442 msDefaultImage\" \/><img loading=\"lazy\" decoding=\"async\" src=\"https:\/\/casadopolo.lifeingalicia.com\/wp-content\/uploads\/2017\/06\/0020-1000x700.jpg\" height=\"700\" width=\"1000\" data-caption=\"Studio\" title=\"Studio outside\" alt=\"Studio Outside\" class=\"slider-185 slide-444 msDefaultImage\" \/><img loading=\"lazy\" decoding=\"async\" src=\"https:\/\/casadopolo.lifeingalicia.com\/wp-content\/uploads\/2017\/06\/0080-1000x700.jpg\" height=\"700\" width=\"1000\" title=\"Entrance studio \" alt=\"Entrance studio\" class=\"slider-185 slide-445 msDefaultImage\" \/><img loading=\"lazy\" decoding=\"async\" src=\"https:\/\/casadopolo.lifeingalicia.com\/wp-content\/uploads\/2017\/06\/0085-1000x700.jpg\" height=\"700\" width=\"1000\" data-caption=\"Studio bathroom en suite\" title=\"Studio bathroom en suite\" alt=\"Studio bathroom en suite\" class=\"slider-185 slide-446 msDefaultImage\" \/><img loading=\"lazy\" decoding=\"async\" src=\"https:\/\/casadopolo.lifeingalicia.com\/wp-content\/uploads\/2017\/06\/0090-1000x700.jpg\" height=\"700\" width=\"1000\" data-caption=\"Beds\" title=\"Beds\" alt=\"Beds\" class=\"slider-185 slide-448 msDefaultImage\" \/><img loading=\"lazy\" decoding=\"async\" src=\"https:\/\/casadopolo.lifeingalicia.com\/wp-content\/uploads\/2017\/08\/DSC_1150-1000x700.jpg\" height=\"700\" width=\"1000\" data-caption=\"Skylight\" title=\"Skylight\" alt=\"Skylight\" class=\"slider-185 slide-663 msDefaultImage\" \/><img loading=\"lazy\" decoding=\"async\" src=\"https:\/\/casadopolo.lifeingalicia.com\/wp-content\/uploads\/2017\/08\/DSC_1137-1000x700.jpg\" height=\"700\" width=\"1000\" data-caption=\"Skylight closed\" alt=\"\" class=\"slider-185 slide-667 msDefaultImage\" \/><img loading=\"lazy\" decoding=\"async\" src=\"https:\/\/casadopolo.lifeingalicia.com\/wp-content\/uploads\/2017\/08\/DSC_1148-1000x700.jpg\" height=\"700\" width=\"1000\" data-caption=\"Kitchenette\" title=\"Kitchenette\" alt=\"Kitchenette\" class=\"slider-185 slide-664 msDefaultImage\" \/><img loading=\"lazy\" decoding=\"async\" src=\"https:\/\/casadopolo.lifeingalicia.com\/wp-content\/uploads\/2017\/06\/0150-1000x700.jpg\" height=\"700\" width=\"1000\" data-caption=\"Studio balcony\" alt=\"\" class=\"slider-185 slide-450 msDefaultImage\" \/><img loading=\"lazy\" decoding=\"async\" src=\"https:\/\/casadopolo.lifeingalicia.com\/wp-content\/uploads\/2017\/07\/DSC_0916-1-1000x700.jpg\" height=\"700\" width=\"1000\" alt=\"\" class=\"slider-185 slide-461 msDefaultImage\" \/><img loading=\"lazy\" decoding=\"async\" src=\"https:\/\/casadopolo.lifeingalicia.com\/wp-content\/uploads\/2020\/08\/DSC_4799-2-1000x700.jpg\" height=\"700\" width=\"1000\" data-caption=\"BBQ corner\" title=\"BBQ corner\" alt=\"\" class=\"slider-185 slide-1594 msDefaultImage\" \/><img loading=\"lazy\" decoding=\"async\" src=\"https:\/\/casadopolo.lifeingalicia.com\/wp-content\/uploads\/2017\/07\/DSC_1006-1000x700.jpg\" height=\"700\" width=\"1000\" data-caption=\"Downstairs laundry &amp; loo\" title=\"Laundry room\" alt=\"Laundry room\" class=\"slider-185 slide-669 msDefaultImage\" \/><img loading=\"lazy\" decoding=\"async\" src=\"https:\/\/casadopolo.lifeingalicia.com\/wp-content\/uploads\/2017\/06\/0400-1000x700.jpg\" height=\"700\" width=\"1000\" data-caption=\"Parking &amp; Southside\" alt=\"\" class=\"slider-185 slide-454 msDefaultImage\" \/><img loading=\"lazy\" decoding=\"async\" src=\"https:\/\/casadopolo.lifeingalicia.com\/wp-content\/uploads\/2017\/08\/DSC_1152-1000x700.jpg\" height=\"700\" width=\"1000\" alt=\"\" class=\"slider-185 slide-666 msDefaultImage\" \/><img loading=\"lazy\" decoding=\"async\" src=\"https:\/\/casadopolo.lifeingalicia.com\/wp-content\/uploads\/2017\/06\/0300-1000x700.jpg\" height=\"700\" width=\"1000\" data-caption=\"Elevation\" alt=\"\" class=\"slider-185 slide-456 msDefaultImage\" \/><img loading=\"lazy\" decoding=\"async\" src=\"https:\/\/casadopolo.lifeingalicia.com\/wp-content\/uploads\/2019\/08\/DSC_1179-1000x700.jpg\" height=\"700\" width=\"1000\" data-caption=\"Night time\" title=\"Nighttime on the balcony\" alt=\"Nighttime on the balcony\" class=\"slider-185 slide-1260 msDefaultImage\" \/><img loading=\"lazy\" decoding=\"async\" src=\"https:\/\/casadopolo.lifeingalicia.com\/wp-content\/uploads\/2017\/07\/DSC_0915-1-1000x700.jpg\" height=\"700\" width=\"1000\" data-caption=\"Casa do Polo\" alt=\"\" class=\"slider-185 slide-532 msDefaultImage\" \/><img loading=\"lazy\" decoding=\"async\" src=\"https:\/\/casadopolo.lifeingalicia.com\/wp-content\/uploads\/2017\/06\/Direcion_gif-265x185.gif\" height=\"700\" width=\"1000\" title=\"Direcion_gif\" alt=\"\" class=\"slider-185 slide-1251 msDefaultImage\" \/><img loading=\"lazy\" decoding=\"async\" src=\"https:\/\/casadopolo.lifeingalicia.com\/wp-content\/uploads\/2017\/07\/DSC_1042-1000x700.jpg\" height=\"700\" width=\"1000\" data-caption=\"Mirador Santiorxo (900 M)\" alt=\"\" class=\"slider-185 slide-670 msDefaultImage\" \/><img loading=\"lazy\" decoding=\"async\" src=\"https:\/\/casadopolo.lifeingalicia.com\/wp-content\/uploads\/2017\/07\/DSC_1046-1000x700.jpg\" height=\"700\" width=\"1000\" data-caption=\"Rio Sil\" alt=\"\" class=\"slider-185 slide-671 msDefaultImage\" \/><a href=\"https:\/\/casadopolo.lifeingalicia.com\/es\/cercano-para-explorar\/\" target=\"_self\"><img loading=\"lazy\" decoding=\"async\" src=\"https:\/\/casadopolo.lifeingalicia.com\/wp-content\/uploads\/2017\/07\/DSC_1050-1000x700.jpg\" height=\"700\" width=\"1000\" data-caption=\"Click for more - Pulsa para mas\" title=\"Click for more pictures\" alt=\"Click for more pictures\" class=\"slider-185 slide-1250 msDefaultImage\" \/><\/a><img loading=\"lazy\" decoding=\"async\" src=\"https:\/\/casadopolo.lifeingalicia.com\/wp-content\/uploads\/2020\/08\/main-bed-room-1000x700.jpg\" height=\"700\" width=\"1000\" title=\"main-bed-room\" alt=\"\" class=\"slider-185 slide-1640 msDefaultImage\" \/><img loading=\"lazy\" decoding=\"async\" src=\"https:\/\/casadopolo.lifeingalicia.com\/wp-content\/uploads\/2020\/08\/DSC_4797-1000x700.jpg\" height=\"700\" width=\"1000\" title=\"DSC_4797\" alt=\"\" class=\"slider-185 slide-1641 msDefaultImage\" \/><img loading=\"lazy\" decoding=\"async\" src=\"https:\/\/casadopolo.lifeingalicia.com\/wp-content\/uploads\/2020\/08\/DSC_4802-1000x700.jpg\" height=\"700\" width=\"1000\" title=\"DSC_4802\" alt=\"\" class=\"slider-185 slide-1642 msDefaultImage\" \/><img loading=\"lazy\" decoding=\"async\" src=\"https:\/\/casadopolo.lifeingalicia.com\/wp-content\/uploads\/2020\/08\/DSC_4796-2-1000x700.jpg\" height=\"700\" width=\"1000\" title=\"Lots of light\" alt=\"\" class=\"slider-185 slide-1643 msDefaultImage\" \/><img loading=\"lazy\" decoding=\"async\" src=\"https:\/\/casadopolo.lifeingalicia.com\/wp-content\/uploads\/2020\/08\/DSC_4797-2-1000x700.jpg\" height=\"700\" width=\"1000\" title=\"Main balcony Casa do Polo\" alt=\"\" class=\"slider-185 slide-1644 msDefaultImage\" \/><img loading=\"lazy\" decoding=\"async\" src=\"https:\/\/casadopolo.lifeingalicia.com\/wp-content\/uploads\/2020\/08\/DSC_4799-2-1000x700.jpg\" height=\"700\" width=\"1000\" title=\"BBQ corner\" alt=\"\" class=\"slider-185 slide-1645 msDefaultImage\" \/><img loading=\"lazy\" decoding=\"async\" src=\"https:\/\/casadopolo.lifeingalicia.com\/wp-content\/uploads\/2020\/08\/DSC_4802-1-1000x700.jpg\" height=\"700\" width=\"1000\" title=\"DSC_4802\" alt=\"\" class=\"slider-185 slide-1646 msDefaultImage\" \/><\/div><\/div>\n        \n    <\/div>\n<\/div>\n<\/div>\n","protected":false},"excerpt":{"rendered":"<p>Lehnen Sie sich zur\u00fcck und genie\u00dfen Sie eine Pr\u00e4sentation von Casa do Polo<\/p>\n","protected":false},"author":1,"featured_media":0,"parent":0,"menu_order":0,"comment_status":"closed","ping_status":"closed","template":"","meta":{"footnotes":""},"class_list":["post-340","page","type-page","status-publish","hentry"],"aioseo_notices":[],"_links":{"self":[{"href":"https:\/\/casadopolo.lifeingalicia.com\/de\/wp-json\/wp\/v2\/pages\/340\/"}],"collection":[{"href":"https:\/\/casadopolo.lifeingalicia.com\/de\/wp-json\/wp\/v2\/pages\/"}],"about":[{"href":"https:\/\/casadopolo.lifeingalicia.com\/de\/wp-json\/wp\/v2\/types\/page\/"}],"author":[{"embeddable":true,"href":"https:\/\/casadopolo.lifeingalicia.com\/de\/wp-json\/wp\/v2\/users\/1\/"}],"replies":[{"embeddable":true,"href":"https:\/\/casadopolo.lifeingalicia.com\/de\/wp-json\/wp\/v2\/comments\/?post=340"}],"version-history":[{"count":3,"href":"https:\/\/casadopolo.lifeingalicia.com\/de\/wp-json\/wp\/v2\/pages\/340\/revisions\/"}],"predecessor-version":[{"id":622,"href":"https:\/\/casadopolo.lifeingalicia.com\/de\/wp-json\/wp\/v2\/pages\/340\/revisions\/622\/"}],"wp:attachment":[{"href":"https:\/\/casadopolo.lifeingalicia.com\/de\/wp-json\/wp\/v2\/media\/?parent=340"}],"curies":[{"name":"wp","href":"https:\/\/api.w.org\/{rel}","templated":true}]}}